{"id":9227,"date":"2025-10-11T18:14:21","date_gmt":"2025-10-11T18:14:21","guid":{"rendered":"https:\/\/letempsjadisauction.com\/?post_type=product&#038;p=9227"},"modified":"2025-10-13T09:44:56","modified_gmt":"2025-10-13T09:44:56","slug":"173-jesus-fuertes-jaune-violoncelle","status":"publish","type":"product","link":"https:\/\/letempsjadisauction.com\/en\/auction\/173-jesus-fuertes-jaune-violoncelle\/","title":{"rendered":"173. J\u00e9sus Fuertes, Jaune violoncelle"},"content":{"rendered":"<p>J\u00e9sus Fuertes (1938-2006), jaune violoncelle, technique mixte sur papier, 48 \u00d7 67 cm, 68,5 \u00d7 88 cm avec cadre<\/p>","protected":false},"excerpt":{"rendered":"<p>J\u00e9sus Fuertes, Jaune violoncelle<\/p>","protected":false},"featured_media":8726,"template":"","meta":{"_acf_changed":false,"inline_featured_image":false},"online_sale":[62],"product_brand":[],"product_cat":[18],"product_tag":[],"class_list":{"0":"post-9227","1":"product","2":"type-product","3":"status-publish","4":"has-post-thumbnail","6":"online_sale-octobre-2025","7":"product_cat-non-classe","9":"first","10":"instock","11":"shipping-taxable","12":"purchasable","13":"product-type-auction"},"acf":[],"_links":{"self":[{"href":"https:\/\/letempsjadisauction.com\/en\/wp-json\/wp\/v2\/product\/9227","targetHints":{"allow":["GET"]}}],"collection":[{"href":"https:\/\/letempsjadisauction.com\/en\/wp-json\/wp\/v2\/product"}],"about":[{"href":"https:\/\/letempsjadisauction.com\/en\/wp-json\/wp\/v2\/types\/product"}],"wp:featuredmedia":[{"embeddable":true,"href":"https:\/\/letempsjadisauction.com\/en\/wp-json\/wp\/v2\/media\/8726"}],"wp:attachment":[{"href":"https:\/\/letempsjadisauction.com\/en\/wp-json\/wp\/v2\/media?parent=9227"}],"wp:term":[{"taxonomy":"online_sale","embeddable":true,"href":"https:\/\/letempsjadisauction.com\/en\/wp-json\/wp\/v2\/online_sale?post=9227"},{"taxonomy":"product_brand","embeddable":true,"href":"https:\/\/letempsjadisauction.com\/en\/wp-json\/wp\/v2\/product_brand?post=9227"},{"taxonomy":"product_cat","embeddable":true,"href":"https:\/\/letempsjadisauction.com\/en\/wp-json\/wp\/v2\/product_cat?post=9227"},{"taxonomy":"product_tag","embeddable":true,"href":"https:\/\/letempsjadisauction.com\/en\/wp-json\/wp\/v2\/product_tag?post=9227"}],"curies":[{"name":"wp","href":"https:\/\/api.w.org\/{rel}","templated":true}]}}