{"id":9233,"date":"2025-10-11T18:14:22","date_gmt":"2025-10-11T18:14:22","guid":{"rendered":"https:\/\/letempsjadisauction.com\/?post_type=product&#038;p=9233"},"modified":"2025-10-11T18:14:22","modified_gmt":"2025-10-11T18:14:22","slug":"179-van-velde-portrait","status":"publish","type":"product","link":"https:\/\/letempsjadisauction.com\/en\/auction\/179-van-velde-portrait\/","title":{"rendered":"179. Van Velde, Portrait"},"content":{"rendered":"<p>Van Velde, portrait, dat\u00e9 1981, 50 \u00d7 72 cm, 62,5 \u00d7 87 cm avec cadre<\/p>","protected":false},"excerpt":{"rendered":"<p>Van Velde, Portrait<\/p>","protected":false},"featured_media":8749,"template":"","meta":{"_acf_changed":false,"inline_featured_image":false},"online_sale":[62],"product_brand":[],"product_cat":[18],"product_tag":[],"class_list":{"0":"post-9233","1":"product","2":"type-product","3":"status-publish","4":"has-post-thumbnail","6":"online_sale-octobre-2025","7":"product_cat-non-classe","9":"first","10":"instock","11":"shipping-taxable","12":"purchasable","13":"product-type-auction"},"acf":[],"_links":{"self":[{"href":"https:\/\/letempsjadisauction.com\/en\/wp-json\/wp\/v2\/product\/9233","targetHints":{"allow":["GET"]}}],"collection":[{"href":"https:\/\/letempsjadisauction.com\/en\/wp-json\/wp\/v2\/product"}],"about":[{"href":"https:\/\/letempsjadisauction.com\/en\/wp-json\/wp\/v2\/types\/product"}],"wp:featuredmedia":[{"embeddable":true,"href":"https:\/\/letempsjadisauction.com\/en\/wp-json\/wp\/v2\/media\/8749"}],"wp:attachment":[{"href":"https:\/\/letempsjadisauction.com\/en\/wp-json\/wp\/v2\/media?parent=9233"}],"wp:term":[{"taxonomy":"online_sale","embeddable":true,"href":"https:\/\/letempsjadisauction.com\/en\/wp-json\/wp\/v2\/online_sale?post=9233"},{"taxonomy":"product_brand","embeddable":true,"href":"https:\/\/letempsjadisauction.com\/en\/wp-json\/wp\/v2\/product_brand?post=9233"},{"taxonomy":"product_cat","embeddable":true,"href":"https:\/\/letempsjadisauction.com\/en\/wp-json\/wp\/v2\/product_cat?post=9233"},{"taxonomy":"product_tag","embeddable":true,"href":"https:\/\/letempsjadisauction.com\/en\/wp-json\/wp\/v2\/product_tag?post=9233"}],"curies":[{"name":"wp","href":"https:\/\/api.w.org\/{rel}","templated":true}]}}