{"id":9239,"date":"2025-10-11T18:14:42","date_gmt":"2025-10-11T18:14:42","guid":{"rendered":"https:\/\/letempsjadisauction.com\/?post_type=product&#038;p=9239"},"modified":"2025-10-29T17:08:18","modified_gmt":"2025-10-29T17:08:18","slug":"185-jesus-fuertes-don-quichotte","status":"publish","type":"product","link":"https:\/\/letempsjadisauction.com\/en\/auction\/185-jesus-fuertes-don-quichotte\/","title":{"rendered":"185. J\u00e9sus Fuertes, Don Quichotte"},"content":{"rendered":"<p>J\u00e9sus Fuertes (1938-2006), Don Quichotte, technique mixte sur papier, ornementation de clous formant un liser\u00e9, 66 \u00d7 81 cm, 81 \u00d7 87 cm avec cadre<\/p>","protected":false},"excerpt":{"rendered":"<p>J\u00e9sus Fuertes, Don Quichotte<\/p>","protected":false},"featured_media":8770,"template":"","meta":{"_acf_changed":false,"inline_featured_image":false},"online_sale":[62],"product_brand":[],"product_cat":[18],"product_tag":[],"class_list":{"0":"post-9239","1":"product","2":"type-product","3":"status-publish","4":"has-post-thumbnail","6":"online_sale-octobre-2025","7":"product_cat-non-classe","9":"first","10":"instock","11":"shipping-taxable","12":"purchasable","13":"product-type-auction"},"acf":[],"_links":{"self":[{"href":"https:\/\/letempsjadisauction.com\/en\/wp-json\/wp\/v2\/product\/9239","targetHints":{"allow":["GET"]}}],"collection":[{"href":"https:\/\/letempsjadisauction.com\/en\/wp-json\/wp\/v2\/product"}],"about":[{"href":"https:\/\/letempsjadisauction.com\/en\/wp-json\/wp\/v2\/types\/product"}],"wp:featuredmedia":[{"embeddable":true,"href":"https:\/\/letempsjadisauction.com\/en\/wp-json\/wp\/v2\/media\/8770"}],"wp:attachment":[{"href":"https:\/\/letempsjadisauction.com\/en\/wp-json\/wp\/v2\/media?parent=9239"}],"wp:term":[{"taxonomy":"online_sale","embeddable":true,"href":"https:\/\/letempsjadisauction.com\/en\/wp-json\/wp\/v2\/online_sale?post=9239"},{"taxonomy":"product_brand","embeddable":true,"href":"https:\/\/letempsjadisauction.com\/en\/wp-json\/wp\/v2\/product_brand?post=9239"},{"taxonomy":"product_cat","embeddable":true,"href":"https:\/\/letempsjadisauction.com\/en\/wp-json\/wp\/v2\/product_cat?post=9239"},{"taxonomy":"product_tag","embeddable":true,"href":"https:\/\/letempsjadisauction.com\/en\/wp-json\/wp\/v2\/product_tag?post=9239"}],"curies":[{"name":"wp","href":"https:\/\/api.w.org\/{rel}","templated":true}]}}