{"id":9240,"date":"2025-10-11T18:14:42","date_gmt":"2025-10-11T18:14:42","guid":{"rendered":"https:\/\/letempsjadisauction.com\/?post_type=product&#038;p=9240"},"modified":"2025-10-11T18:14:42","modified_gmt":"2025-10-11T18:14:42","slug":"186-portrait-de-religieuse-anonyme-xviie-xviiie-siecle","status":"publish","type":"product","link":"https:\/\/letempsjadisauction.com\/en\/auction\/186-portrait-de-religieuse-anonyme-xviie-xviiie-siecle\/","title":{"rendered":"186. Portrait de religieuse, anonyme, XVIIe\u2013XVIIIe si\u00e8cle"},"content":{"rendered":"<p>Anonyme, portrait de religieuse, 17-18eme si\u00e8cle,  61 \u00d7 73 cm,  79 \u00d7 91 cm avec cadre<\/p>","protected":false},"excerpt":{"rendered":"<p>Portrait de religieuse, anonyme, XVIIe\u2013XVIIIe si\u00e8cle<\/p>","protected":false},"featured_media":8773,"template":"","meta":{"_acf_changed":false,"inline_featured_image":false},"online_sale":[62],"product_brand":[],"product_cat":[18],"product_tag":[],"class_list":{"0":"post-9240","1":"product","2":"type-product","3":"status-publish","4":"has-post-thumbnail","6":"online_sale-octobre-2025","7":"product_cat-non-classe","9":"first","10":"instock","11":"shipping-taxable","12":"purchasable","13":"product-type-auction"},"acf":[],"_links":{"self":[{"href":"https:\/\/letempsjadisauction.com\/en\/wp-json\/wp\/v2\/product\/9240","targetHints":{"allow":["GET"]}}],"collection":[{"href":"https:\/\/letempsjadisauction.com\/en\/wp-json\/wp\/v2\/product"}],"about":[{"href":"https:\/\/letempsjadisauction.com\/en\/wp-json\/wp\/v2\/types\/product"}],"wp:featuredmedia":[{"embeddable":true,"href":"https:\/\/letempsjadisauction.com\/en\/wp-json\/wp\/v2\/media\/8773"}],"wp:attachment":[{"href":"https:\/\/letempsjadisauction.com\/en\/wp-json\/wp\/v2\/media?parent=9240"}],"wp:term":[{"taxonomy":"online_sale","embeddable":true,"href":"https:\/\/letempsjadisauction.com\/en\/wp-json\/wp\/v2\/online_sale?post=9240"},{"taxonomy":"product_brand","embeddable":true,"href":"https:\/\/letempsjadisauction.com\/en\/wp-json\/wp\/v2\/product_brand?post=9240"},{"taxonomy":"product_cat","embeddable":true,"href":"https:\/\/letempsjadisauction.com\/en\/wp-json\/wp\/v2\/product_cat?post=9240"},{"taxonomy":"product_tag","embeddable":true,"href":"https:\/\/letempsjadisauction.com\/en\/wp-json\/wp\/v2\/product_tag?post=9240"}],"curies":[{"name":"wp","href":"https:\/\/api.w.org\/{rel}","templated":true}]}}