{"id":9248,"date":"2025-10-11T18:14:44","date_gmt":"2025-10-11T18:14:44","guid":{"rendered":"https:\/\/letempsjadisauction.com\/?post_type=product&#038;p=9248"},"modified":"2025-10-23T18:28:52","modified_gmt":"2025-10-23T18:28:52","slug":"194-johan-barthold-jongkind-paysage-1874","status":"publish","type":"product","link":"https:\/\/letempsjadisauction.com\/en\/auction\/194-johan-barthold-jongkind-paysage-1874\/","title":{"rendered":"194. Johan Barthold Jongkind, Paysage, 1874"},"content":{"rendered":"<p> Johan Barthold Jongkind (1819-1891), paysage, crayon sur papier, dat\u00e9 1874, trace d\u2019humidit\u00e9,  27 \u00d7 19 cm, 54 \u00d7 44 cm avec cadre<\/p>","protected":false},"excerpt":{"rendered":"<p>Johan Barthold Jongkind, Paysage, 1874<\/p>","protected":false},"featured_media":8798,"template":"","meta":{"_acf_changed":false,"inline_featured_image":false},"online_sale":[62],"product_brand":[],"product_cat":[18],"product_tag":[],"class_list":{"0":"post-9248","1":"product","2":"type-product","3":"status-publish","4":"has-post-thumbnail","6":"online_sale-octobre-2025","7":"product_cat-non-classe","9":"first","10":"instock","11":"shipping-taxable","12":"purchasable","13":"product-type-auction"},"acf":[],"_links":{"self":[{"href":"https:\/\/letempsjadisauction.com\/en\/wp-json\/wp\/v2\/product\/9248","targetHints":{"allow":["GET"]}}],"collection":[{"href":"https:\/\/letempsjadisauction.com\/en\/wp-json\/wp\/v2\/product"}],"about":[{"href":"https:\/\/letempsjadisauction.com\/en\/wp-json\/wp\/v2\/types\/product"}],"wp:featuredmedia":[{"embeddable":true,"href":"https:\/\/letempsjadisauction.com\/en\/wp-json\/wp\/v2\/media\/8798"}],"wp:attachment":[{"href":"https:\/\/letempsjadisauction.com\/en\/wp-json\/wp\/v2\/media?parent=9248"}],"wp:term":[{"taxonomy":"online_sale","embeddable":true,"href":"https:\/\/letempsjadisauction.com\/en\/wp-json\/wp\/v2\/online_sale?post=9248"},{"taxonomy":"product_brand","embeddable":true,"href":"https:\/\/letempsjadisauction.com\/en\/wp-json\/wp\/v2\/product_brand?post=9248"},{"taxonomy":"product_cat","embeddable":true,"href":"https:\/\/letempsjadisauction.com\/en\/wp-json\/wp\/v2\/product_cat?post=9248"},{"taxonomy":"product_tag","embeddable":true,"href":"https:\/\/letempsjadisauction.com\/en\/wp-json\/wp\/v2\/product_tag?post=9248"}],"curies":[{"name":"wp","href":"https:\/\/api.w.org\/{rel}","templated":true}]}}