{"id":9253,"date":"2025-10-11T18:14:42","date_gmt":"2025-10-11T18:14:42","guid":{"rendered":"https:\/\/letempsjadisauction.com\/?post_type=product&#038;p=9253"},"modified":"2025-10-29T17:36:22","modified_gmt":"2025-10-29T17:36:22","slug":"199-anto-carte-etude-pour-le-pays-nostalgique","status":"publish","type":"product","link":"https:\/\/letempsjadisauction.com\/en\/auction\/199-anto-carte-etude-pour-le-pays-nostalgique\/","title":{"rendered":"199. Anto Carte, \u00c9tude pour Le Pays nostalgique"},"content":{"rendered":"<p>Anto Carte (1886-1954), \u00e9tude pour le pays nostalgique, huile sur papier, sign\u00e9, dat\u00e9 et titr\u00e9 en bas \u00e0 gauche, annotation \u00e0 l&rsquo;arri\u00e8re, 39 \u00d7 49 cm, 57 \u00d7 62 cm avec cadre<\/p>","protected":false},"excerpt":{"rendered":"<p>Anto Carte, \u00c9tude pour Le Pays nostalgique<\/p>","protected":false},"featured_media":8807,"template":"","meta":{"_acf_changed":false,"inline_featured_image":false},"online_sale":[62],"product_brand":[],"product_cat":[18],"product_tag":[],"class_list":{"0":"post-9253","1":"product","2":"type-product","3":"status-publish","4":"has-post-thumbnail","6":"online_sale-octobre-2025","7":"product_cat-non-classe","9":"first","10":"instock","11":"shipping-taxable","12":"purchasable","13":"product-type-auction"},"acf":[],"_links":{"self":[{"href":"https:\/\/letempsjadisauction.com\/en\/wp-json\/wp\/v2\/product\/9253","targetHints":{"allow":["GET"]}}],"collection":[{"href":"https:\/\/letempsjadisauction.com\/en\/wp-json\/wp\/v2\/product"}],"about":[{"href":"https:\/\/letempsjadisauction.com\/en\/wp-json\/wp\/v2\/types\/product"}],"wp:featuredmedia":[{"embeddable":true,"href":"https:\/\/letempsjadisauction.com\/en\/wp-json\/wp\/v2\/media\/8807"}],"wp:attachment":[{"href":"https:\/\/letempsjadisauction.com\/en\/wp-json\/wp\/v2\/media?parent=9253"}],"wp:term":[{"taxonomy":"online_sale","embeddable":true,"href":"https:\/\/letempsjadisauction.com\/en\/wp-json\/wp\/v2\/online_sale?post=9253"},{"taxonomy":"product_brand","embeddable":true,"href":"https:\/\/letempsjadisauction.com\/en\/wp-json\/wp\/v2\/product_brand?post=9253"},{"taxonomy":"product_cat","embeddable":true,"href":"https:\/\/letempsjadisauction.com\/en\/wp-json\/wp\/v2\/product_cat?post=9253"},{"taxonomy":"product_tag","embeddable":true,"href":"https:\/\/letempsjadisauction.com\/en\/wp-json\/wp\/v2\/product_tag?post=9253"}],"curies":[{"name":"wp","href":"https:\/\/api.w.org\/{rel}","templated":true}]}}