{"id":9255,"date":"2025-10-11T18:15:01","date_gmt":"2025-10-11T18:15:01","guid":{"rendered":"https:\/\/letempsjadisauction.com\/?post_type=product&#038;p=9255"},"modified":"2025-10-22T07:36:44","modified_gmt":"2025-10-22T07:36:44","slug":"201-emile-wouters-etude-de-personnage","status":"publish","type":"product","link":"https:\/\/letempsjadisauction.com\/en\/auction\/201-emile-wouters-etude-de-personnage\/","title":{"rendered":"201. Emile Wouters, \u00c9tude de personnage"},"content":{"rendered":"<p>Emile Wouters (1846-1933), personnage, \u00e9tude pour l&rsquo;escalier des Lions \u00e0 l&rsquo;hotel de ville de Bruxelles,  21 \u00d7 38 cm, 44 \u00d7 60 cm avec cadre<\/p>","protected":false},"excerpt":{"rendered":"<p>Emile Wouters, \u00c9tude de personnage<\/p>","protected":false},"featured_media":8809,"template":"","meta":{"_acf_changed":false,"inline_featured_image":false},"online_sale":[62],"product_brand":[],"product_cat":[18],"product_tag":[],"class_list":{"0":"post-9255","1":"product","2":"type-product","3":"status-publish","4":"has-post-thumbnail","6":"online_sale-octobre-2025","7":"product_cat-non-classe","9":"first","10":"instock","11":"shipping-taxable","12":"purchasable","13":"product-type-auction"},"acf":[],"_links":{"self":[{"href":"https:\/\/letempsjadisauction.com\/en\/wp-json\/wp\/v2\/product\/9255","targetHints":{"allow":["GET"]}}],"collection":[{"href":"https:\/\/letempsjadisauction.com\/en\/wp-json\/wp\/v2\/product"}],"about":[{"href":"https:\/\/letempsjadisauction.com\/en\/wp-json\/wp\/v2\/types\/product"}],"wp:featuredmedia":[{"embeddable":true,"href":"https:\/\/letempsjadisauction.com\/en\/wp-json\/wp\/v2\/media\/8809"}],"wp:attachment":[{"href":"https:\/\/letempsjadisauction.com\/en\/wp-json\/wp\/v2\/media?parent=9255"}],"wp:term":[{"taxonomy":"online_sale","embeddable":true,"href":"https:\/\/letempsjadisauction.com\/en\/wp-json\/wp\/v2\/online_sale?post=9255"},{"taxonomy":"product_brand","embeddable":true,"href":"https:\/\/letempsjadisauction.com\/en\/wp-json\/wp\/v2\/product_brand?post=9255"},{"taxonomy":"product_cat","embeddable":true,"href":"https:\/\/letempsjadisauction.com\/en\/wp-json\/wp\/v2\/product_cat?post=9255"},{"taxonomy":"product_tag","embeddable":true,"href":"https:\/\/letempsjadisauction.com\/en\/wp-json\/wp\/v2\/product_tag?post=9255"}],"curies":[{"name":"wp","href":"https:\/\/api.w.org\/{rel}","templated":true}]}}