{"id":9259,"date":"2025-10-11T18:15:02","date_gmt":"2025-10-11T18:15:02","guid":{"rendered":"https:\/\/letempsjadisauction.com\/?post_type=product&#038;p=9259"},"modified":"2025-10-11T18:15:02","modified_gmt":"2025-10-11T18:15:02","slug":"205-vase-a-anses-spiralees-en-verre-bleu-et-or","status":"publish","type":"product","link":"https:\/\/letempsjadisauction.com\/en\/auction\/205-vase-a-anses-spiralees-en-verre-bleu-et-or\/","title":{"rendered":"205. Vase \u00e0 anses spiral\u00e9es en verre bleu et or"},"content":{"rendered":"<p>Vase \u00e0 anses spiral\u00e9es, verre bleu et or,  23 \u00d7 20 cm<\/p>","protected":false},"excerpt":{"rendered":"<p>Vase \u00e0 anses spiral\u00e9es en verre bleu et or<\/p>","protected":false},"featured_media":8821,"template":"","meta":{"_acf_changed":false,"inline_featured_image":false},"online_sale":[62],"product_brand":[],"product_cat":[18],"product_tag":[],"class_list":{"0":"post-9259","1":"product","2":"type-product","3":"status-publish","4":"has-post-thumbnail","6":"online_sale-octobre-2025","7":"product_cat-non-classe","9":"first","10":"instock","11":"shipping-taxable","12":"purchasable","13":"product-type-auction"},"acf":[],"_links":{"self":[{"href":"https:\/\/letempsjadisauction.com\/en\/wp-json\/wp\/v2\/product\/9259","targetHints":{"allow":["GET"]}}],"collection":[{"href":"https:\/\/letempsjadisauction.com\/en\/wp-json\/wp\/v2\/product"}],"about":[{"href":"https:\/\/letempsjadisauction.com\/en\/wp-json\/wp\/v2\/types\/product"}],"wp:featuredmedia":[{"embeddable":true,"href":"https:\/\/letempsjadisauction.com\/en\/wp-json\/wp\/v2\/media\/8821"}],"wp:attachment":[{"href":"https:\/\/letempsjadisauction.com\/en\/wp-json\/wp\/v2\/media?parent=9259"}],"wp:term":[{"taxonomy":"online_sale","embeddable":true,"href":"https:\/\/letempsjadisauction.com\/en\/wp-json\/wp\/v2\/online_sale?post=9259"},{"taxonomy":"product_brand","embeddable":true,"href":"https:\/\/letempsjadisauction.com\/en\/wp-json\/wp\/v2\/product_brand?post=9259"},{"taxonomy":"product_cat","embeddable":true,"href":"https:\/\/letempsjadisauction.com\/en\/wp-json\/wp\/v2\/product_cat?post=9259"},{"taxonomy":"product_tag","embeddable":true,"href":"https:\/\/letempsjadisauction.com\/en\/wp-json\/wp\/v2\/product_tag?post=9259"}],"curies":[{"name":"wp","href":"https:\/\/api.w.org\/{rel}","templated":true}]}}