{"id":9266,"date":"2025-10-11T18:15:04","date_gmt":"2025-10-11T18:15:04","guid":{"rendered":"https:\/\/letempsjadisauction.com\/?post_type=product&#038;p=9266"},"modified":"2025-10-29T18:02:04","modified_gmt":"2025-10-29T18:02:04","slug":"212-table-basse-signee-georges-mathias-edition-limitee-n43-50","status":"publish","type":"product","link":"https:\/\/letempsjadisauction.com\/en\/auction\/212-table-basse-signee-georges-mathias-edition-limitee-n43-50\/","title":{"rendered":"212. Table basse sign\u00e9e Georges Mathias, \u00e9dition limit\u00e9e n\u00b043\/50"},"content":{"rendered":"<p>Table basse sign\u00e9e Georges Mathias \u00c9dition limit\u00e9e n\u00b043\/50<\/p>","protected":false},"excerpt":{"rendered":"<p>Table basse sign\u00e9e Georges Mathias, \u00e9dition limit\u00e9e n\u00b043\/50<\/p>","protected":false},"featured_media":7237,"template":"","meta":{"_acf_changed":false,"inline_featured_image":false},"online_sale":[62],"product_brand":[],"product_cat":[18],"product_tag":[],"class_list":{"0":"post-9266","1":"product","2":"type-product","3":"status-publish","4":"has-post-thumbnail","6":"online_sale-octobre-2025","7":"product_cat-non-classe","9":"first","10":"instock","11":"shipping-taxable","12":"purchasable","13":"product-type-auction"},"acf":[],"_links":{"self":[{"href":"https:\/\/letempsjadisauction.com\/en\/wp-json\/wp\/v2\/product\/9266","targetHints":{"allow":["GET"]}}],"collection":[{"href":"https:\/\/letempsjadisauction.com\/en\/wp-json\/wp\/v2\/product"}],"about":[{"href":"https:\/\/letempsjadisauction.com\/en\/wp-json\/wp\/v2\/types\/product"}],"wp:featuredmedia":[{"embeddable":true,"href":"https:\/\/letempsjadisauction.com\/en\/wp-json\/wp\/v2\/media\/7237"}],"wp:attachment":[{"href":"https:\/\/letempsjadisauction.com\/en\/wp-json\/wp\/v2\/media?parent=9266"}],"wp:term":[{"taxonomy":"online_sale","embeddable":true,"href":"https:\/\/letempsjadisauction.com\/en\/wp-json\/wp\/v2\/online_sale?post=9266"},{"taxonomy":"product_brand","embeddable":true,"href":"https:\/\/letempsjadisauction.com\/en\/wp-json\/wp\/v2\/product_brand?post=9266"},{"taxonomy":"product_cat","embeddable":true,"href":"https:\/\/letempsjadisauction.com\/en\/wp-json\/wp\/v2\/product_cat?post=9266"},{"taxonomy":"product_tag","embeddable":true,"href":"https:\/\/letempsjadisauction.com\/en\/wp-json\/wp\/v2\/product_tag?post=9266"}],"curies":[{"name":"wp","href":"https:\/\/api.w.org\/{rel}","templated":true}]}}