{"id":9268,"date":"2025-10-11T18:15:03","date_gmt":"2025-10-11T18:15:03","guid":{"rendered":"https:\/\/letempsjadisauction.com\/?post_type=product&#038;p=9268"},"modified":"2025-10-29T18:09:15","modified_gmt":"2025-10-29T18:09:15","slug":"214-delft-ensemble-de-dix-assiettes-a-decor-de-bouquet","status":"publish","type":"product","link":"https:\/\/letempsjadisauction.com\/en\/auction\/214-delft-ensemble-de-dix-assiettes-a-decor-de-bouquet\/","title":{"rendered":"214. Delft, Ensemble de dix assiettes \u00e0 d\u00e9cor de bouquet"},"content":{"rendered":"<p>Delft, ensemble de dix assiettes \u00e0 d\u00e9cor de bouquet, faience polychrome, 36 cm, \u00e9tat : une \u00e9brech\u00e9e<\/p>","protected":false},"excerpt":{"rendered":"<p>Delft, Ensemble de dix assiettes \u00e0 d\u00e9cor de bouquet<\/p>","protected":false},"featured_media":8835,"template":"","meta":{"_acf_changed":false,"inline_featured_image":false},"online_sale":[62],"product_brand":[],"product_cat":[18],"product_tag":[],"class_list":{"0":"post-9268","1":"product","2":"type-product","3":"status-publish","4":"has-post-thumbnail","6":"online_sale-octobre-2025","7":"product_cat-non-classe","9":"first","10":"instock","11":"shipping-taxable","12":"purchasable","13":"product-type-auction"},"acf":[],"_links":{"self":[{"href":"https:\/\/letempsjadisauction.com\/en\/wp-json\/wp\/v2\/product\/9268","targetHints":{"allow":["GET"]}}],"collection":[{"href":"https:\/\/letempsjadisauction.com\/en\/wp-json\/wp\/v2\/product"}],"about":[{"href":"https:\/\/letempsjadisauction.com\/en\/wp-json\/wp\/v2\/types\/product"}],"wp:featuredmedia":[{"embeddable":true,"href":"https:\/\/letempsjadisauction.com\/en\/wp-json\/wp\/v2\/media\/8835"}],"wp:attachment":[{"href":"https:\/\/letempsjadisauction.com\/en\/wp-json\/wp\/v2\/media?parent=9268"}],"wp:term":[{"taxonomy":"online_sale","embeddable":true,"href":"https:\/\/letempsjadisauction.com\/en\/wp-json\/wp\/v2\/online_sale?post=9268"},{"taxonomy":"product_brand","embeddable":true,"href":"https:\/\/letempsjadisauction.com\/en\/wp-json\/wp\/v2\/product_brand?post=9268"},{"taxonomy":"product_cat","embeddable":true,"href":"https:\/\/letempsjadisauction.com\/en\/wp-json\/wp\/v2\/product_cat?post=9268"},{"taxonomy":"product_tag","embeddable":true,"href":"https:\/\/letempsjadisauction.com\/en\/wp-json\/wp\/v2\/product_tag?post=9268"}],"curies":[{"name":"wp","href":"https:\/\/api.w.org\/{rel}","templated":true}]}}