{"id":9269,"date":"2025-10-11T18:15:03","date_gmt":"2025-10-11T18:15:03","guid":{"rendered":"https:\/\/letempsjadisauction.com\/?post_type=product&#038;p=9269"},"modified":"2025-10-15T18:26:22","modified_gmt":"2025-10-15T18:26:22","slug":"215-louis-fontinelle-statue-de-chien-made-in-amc-belgium","status":"publish","type":"product","link":"https:\/\/letempsjadisauction.com\/en\/auction\/215-louis-fontinelle-statue-de-chien-made-in-amc-belgium\/","title":{"rendered":"215. Louis Fontinelle, Statue de chien, Made in AMC Belgium"},"content":{"rendered":"<p>Louis Fontinelle (1886-1964), statue repr\u00e9sentant un chien, signature effac\u00e9e, 40 \u00d7 31 cm, Made in AMC Belgium<\/p>","protected":false},"excerpt":{"rendered":"<p>Louis Fontinelle, Statue de chien, Made in AMC Belgium<\/p>","protected":false},"featured_media":8836,"template":"","meta":{"_acf_changed":false,"inline_featured_image":false},"online_sale":[62],"product_brand":[],"product_cat":[18],"product_tag":[],"class_list":{"0":"post-9269","1":"product","2":"type-product","3":"status-publish","4":"has-post-thumbnail","6":"online_sale-octobre-2025","7":"product_cat-non-classe","9":"first","10":"instock","11":"shipping-taxable","12":"purchasable","13":"product-type-auction"},"acf":[],"_links":{"self":[{"href":"https:\/\/letempsjadisauction.com\/en\/wp-json\/wp\/v2\/product\/9269","targetHints":{"allow":["GET"]}}],"collection":[{"href":"https:\/\/letempsjadisauction.com\/en\/wp-json\/wp\/v2\/product"}],"about":[{"href":"https:\/\/letempsjadisauction.com\/en\/wp-json\/wp\/v2\/types\/product"}],"wp:featuredmedia":[{"embeddable":true,"href":"https:\/\/letempsjadisauction.com\/en\/wp-json\/wp\/v2\/media\/8836"}],"wp:attachment":[{"href":"https:\/\/letempsjadisauction.com\/en\/wp-json\/wp\/v2\/media?parent=9269"}],"wp:term":[{"taxonomy":"online_sale","embeddable":true,"href":"https:\/\/letempsjadisauction.com\/en\/wp-json\/wp\/v2\/online_sale?post=9269"},{"taxonomy":"product_brand","embeddable":true,"href":"https:\/\/letempsjadisauction.com\/en\/wp-json\/wp\/v2\/product_brand?post=9269"},{"taxonomy":"product_cat","embeddable":true,"href":"https:\/\/letempsjadisauction.com\/en\/wp-json\/wp\/v2\/product_cat?post=9269"},{"taxonomy":"product_tag","embeddable":true,"href":"https:\/\/letempsjadisauction.com\/en\/wp-json\/wp\/v2\/product_tag?post=9269"}],"curies":[{"name":"wp","href":"https:\/\/api.w.org\/{rel}","templated":true}]}}