{"id":10631,"date":"2025-11-14T20:53:05","date_gmt":"2025-11-14T20:53:05","guid":{"rendered":"https:\/\/letempsjadisauction.com\/?post_type=product&#038;p=10631"},"modified":"2025-11-14T20:53:05","modified_gmt":"2025-11-14T20:53:05","slug":"2-val-saint-lambert-coupelle-a-motifs-floraux","status":"publish","type":"product","link":"https:\/\/letempsjadisauction.com\/nl\/veiling\/2-val-saint-lambert-coupelle-a-motifs-floraux\/","title":{"rendered":"2. Val Saint Lambert \u2014 coupelle \u00e0 motifs floraux"},"content":{"rendered":"<p>2. Auteur : Val Saint Lambert | Titre : coupelle \u00e0 motifs floraux | Signature : sign\u00e9 en relief | Mat\u00e9riaux : verre | Dimensions : 13 x 3 cm | \u00c9tat : tr\u00e8s bon<\/p>","protected":false},"excerpt":{"rendered":"<p>Val Saint Lambert \u2014 coupelle \u00e0 motifs floraux<\/p>","protected":false},"featured_media":9344,"template":"","meta":{"_acf_changed":false,"inline_featured_image":false},"online_sale":[64],"product_brand":[],"product_cat":[18],"product_tag":[],"class_list":{"0":"post-10631","1":"product","2":"type-product","3":"status-publish","4":"has-post-thumbnail","6":"online_sale-novembre-2025","7":"product_cat-non-classe","9":"first","10":"instock","11":"shipping-taxable","12":"purchasable","13":"product-type-auction"},"acf":[],"_links":{"self":[{"href":"https:\/\/letempsjadisauction.com\/nl\/wp-json\/wp\/v2\/product\/10631","targetHints":{"allow":["GET"]}}],"collection":[{"href":"https:\/\/letempsjadisauction.com\/nl\/wp-json\/wp\/v2\/product"}],"about":[{"href":"https:\/\/letempsjadisauction.com\/nl\/wp-json\/wp\/v2\/types\/product"}],"wp:featuredmedia":[{"embeddable":true,"href":"https:\/\/letempsjadisauction.com\/nl\/wp-json\/wp\/v2\/media\/9344"}],"wp:attachment":[{"href":"https:\/\/letempsjadisauction.com\/nl\/wp-json\/wp\/v2\/media?parent=10631"}],"wp:term":[{"taxonomy":"online_sale","embeddable":true,"href":"https:\/\/letempsjadisauction.com\/nl\/wp-json\/wp\/v2\/online_sale?post=10631"},{"taxonomy":"product_brand","embeddable":true,"href":"https:\/\/letempsjadisauction.com\/nl\/wp-json\/wp\/v2\/product_brand?post=10631"},{"taxonomy":"product_cat","embeddable":true,"href":"https:\/\/letempsjadisauction.com\/nl\/wp-json\/wp\/v2\/product_cat?post=10631"},{"taxonomy":"product_tag","embeddable":true,"href":"https:\/\/letempsjadisauction.com\/nl\/wp-json\/wp\/v2\/product_tag?post=10631"}],"curies":[{"name":"wp","href":"https:\/\/api.w.org\/{rel}","templated":true}]}}