{"id":10632,"date":"2025-11-14T20:53:04","date_gmt":"2025-11-14T20:53:04","guid":{"rendered":"https:\/\/letempsjadisauction.com\/?post_type=product&#038;p=10632"},"modified":"2025-11-14T20:53:04","modified_gmt":"2025-11-14T20:53:04","slug":"3-daum-nancy-vase","status":"publish","type":"product","link":"https:\/\/letempsjadisauction.com\/nl\/veiling\/3-daum-nancy-vase\/","title":{"rendered":"3. Daum Nancy \u2014 vase"},"content":{"rendered":"<p>3. Auteur : Daum Nancy | Titre : vase | Signature : sign\u00e9 | Mat\u00e9riaux : verre | Dimensions : 24 x 6,5 cm | \u00c9tat : \u00e9grenures sur le col<\/p>","protected":false},"excerpt":{"rendered":"<p>Daum Nancy \u2014 vase<\/p>","protected":false},"featured_media":9347,"template":"","meta":{"_acf_changed":false,"inline_featured_image":false},"online_sale":[64],"product_brand":[],"product_cat":[18],"product_tag":[],"class_list":{"0":"post-10632","1":"product","2":"type-product","3":"status-publish","4":"has-post-thumbnail","6":"online_sale-novembre-2025","7":"product_cat-non-classe","9":"first","10":"instock","11":"shipping-taxable","12":"purchasable","13":"product-type-auction"},"acf":[],"_links":{"self":[{"href":"https:\/\/letempsjadisauction.com\/nl\/wp-json\/wp\/v2\/product\/10632","targetHints":{"allow":["GET"]}}],"collection":[{"href":"https:\/\/letempsjadisauction.com\/nl\/wp-json\/wp\/v2\/product"}],"about":[{"href":"https:\/\/letempsjadisauction.com\/nl\/wp-json\/wp\/v2\/types\/product"}],"wp:featuredmedia":[{"embeddable":true,"href":"https:\/\/letempsjadisauction.com\/nl\/wp-json\/wp\/v2\/media\/9347"}],"wp:attachment":[{"href":"https:\/\/letempsjadisauction.com\/nl\/wp-json\/wp\/v2\/media?parent=10632"}],"wp:term":[{"taxonomy":"online_sale","embeddable":true,"href":"https:\/\/letempsjadisauction.com\/nl\/wp-json\/wp\/v2\/online_sale?post=10632"},{"taxonomy":"product_brand","embeddable":true,"href":"https:\/\/letempsjadisauction.com\/nl\/wp-json\/wp\/v2\/product_brand?post=10632"},{"taxonomy":"product_cat","embeddable":true,"href":"https:\/\/letempsjadisauction.com\/nl\/wp-json\/wp\/v2\/product_cat?post=10632"},{"taxonomy":"product_tag","embeddable":true,"href":"https:\/\/letempsjadisauction.com\/nl\/wp-json\/wp\/v2\/product_tag?post=10632"}],"curies":[{"name":"wp","href":"https:\/\/api.w.org\/{rel}","templated":true}]}}