{"id":10635,"date":"2025-11-14T20:53:04","date_gmt":"2025-11-14T20:53:04","guid":{"rendered":"https:\/\/letempsjadisauction.com\/?post_type=product&#038;p=10635"},"modified":"2025-11-14T20:53:04","modified_gmt":"2025-11-14T20:53:04","slug":"6-wedgwood-england-pomme","status":"publish","type":"product","link":"https:\/\/letempsjadisauction.com\/nl\/veiling\/6-wedgwood-england-pomme\/","title":{"rendered":"6. Wedgwood England \u2014 pomme"},"content":{"rendered":"<p>6. Auteur : Wedgwood England | Titre : pomme | Signature : sous la base | Mat\u00e9riaux : verre | Dimensions : H. 6 cm | \u00c9tat : tr\u00e8s bon<\/p>","protected":false},"excerpt":{"rendered":"<p>Wedgwood England \u2014 pomme<\/p>","protected":false},"featured_media":9359,"template":"","meta":{"_acf_changed":false,"inline_featured_image":false},"online_sale":[64],"product_brand":[],"product_cat":[18],"product_tag":[],"class_list":{"0":"post-10635","1":"product","2":"type-product","3":"status-publish","4":"has-post-thumbnail","6":"online_sale-novembre-2025","7":"product_cat-non-classe","9":"first","10":"instock","11":"shipping-taxable","12":"purchasable","13":"product-type-auction"},"acf":[],"_links":{"self":[{"href":"https:\/\/letempsjadisauction.com\/nl\/wp-json\/wp\/v2\/product\/10635","targetHints":{"allow":["GET"]}}],"collection":[{"href":"https:\/\/letempsjadisauction.com\/nl\/wp-json\/wp\/v2\/product"}],"about":[{"href":"https:\/\/letempsjadisauction.com\/nl\/wp-json\/wp\/v2\/types\/product"}],"wp:featuredmedia":[{"embeddable":true,"href":"https:\/\/letempsjadisauction.com\/nl\/wp-json\/wp\/v2\/media\/9359"}],"wp:attachment":[{"href":"https:\/\/letempsjadisauction.com\/nl\/wp-json\/wp\/v2\/media?parent=10635"}],"wp:term":[{"taxonomy":"online_sale","embeddable":true,"href":"https:\/\/letempsjadisauction.com\/nl\/wp-json\/wp\/v2\/online_sale?post=10635"},{"taxonomy":"product_brand","embeddable":true,"href":"https:\/\/letempsjadisauction.com\/nl\/wp-json\/wp\/v2\/product_brand?post=10635"},{"taxonomy":"product_cat","embeddable":true,"href":"https:\/\/letempsjadisauction.com\/nl\/wp-json\/wp\/v2\/product_cat?post=10635"},{"taxonomy":"product_tag","embeddable":true,"href":"https:\/\/letempsjadisauction.com\/nl\/wp-json\/wp\/v2\/product_tag?post=10635"}],"curies":[{"name":"wp","href":"https:\/\/api.w.org\/{rel}","templated":true}]}}