{"id":10642,"date":"2025-11-14T20:53:05","date_gmt":"2025-11-14T20:53:05","guid":{"rendered":"https:\/\/letempsjadisauction.com\/?post_type=product&#038;p=10642"},"modified":"2025-11-14T20:53:05","modified_gmt":"2025-11-14T20:53:05","slug":"13-anonyme-vase-a-decors-de-feuilles","status":"publish","type":"product","link":"https:\/\/letempsjadisauction.com\/nl\/veiling\/13-anonyme-vase-a-decors-de-feuilles\/","title":{"rendered":"13. Anonyme \u2014 vase \u00e0 d\u00e9cors de feuilles"},"content":{"rendered":"<p>13. Auteur : anonyme | Titre : vase \u00e0 d\u00e9cor de feuilles | Signature : non | Mat\u00e9riaux : verre | Dimensions : H. 9,5 cm | \u00c9tat : tr\u00e8s bon<\/p>","protected":false},"excerpt":{"rendered":"<p>Anonyme &#8211; vase \u00e0 d\u00e9cors de feuilles<\/p>","protected":false},"featured_media":9387,"template":"","meta":{"_acf_changed":false,"inline_featured_image":false},"online_sale":[64],"product_brand":[],"product_cat":[18],"product_tag":[],"class_list":{"0":"post-10642","1":"product","2":"type-product","3":"status-publish","4":"has-post-thumbnail","6":"online_sale-novembre-2025","7":"product_cat-non-classe","9":"first","10":"instock","11":"shipping-taxable","12":"purchasable","13":"product-type-auction"},"acf":[],"_links":{"self":[{"href":"https:\/\/letempsjadisauction.com\/nl\/wp-json\/wp\/v2\/product\/10642","targetHints":{"allow":["GET"]}}],"collection":[{"href":"https:\/\/letempsjadisauction.com\/nl\/wp-json\/wp\/v2\/product"}],"about":[{"href":"https:\/\/letempsjadisauction.com\/nl\/wp-json\/wp\/v2\/types\/product"}],"wp:featuredmedia":[{"embeddable":true,"href":"https:\/\/letempsjadisauction.com\/nl\/wp-json\/wp\/v2\/media\/9387"}],"wp:attachment":[{"href":"https:\/\/letempsjadisauction.com\/nl\/wp-json\/wp\/v2\/media?parent=10642"}],"wp:term":[{"taxonomy":"online_sale","embeddable":true,"href":"https:\/\/letempsjadisauction.com\/nl\/wp-json\/wp\/v2\/online_sale?post=10642"},{"taxonomy":"product_brand","embeddable":true,"href":"https:\/\/letempsjadisauction.com\/nl\/wp-json\/wp\/v2\/product_brand?post=10642"},{"taxonomy":"product_cat","embeddable":true,"href":"https:\/\/letempsjadisauction.com\/nl\/wp-json\/wp\/v2\/product_cat?post=10642"},{"taxonomy":"product_tag","embeddable":true,"href":"https:\/\/letempsjadisauction.com\/nl\/wp-json\/wp\/v2\/product_tag?post=10642"}],"curies":[{"name":"wp","href":"https:\/\/api.w.org\/{rel}","templated":true}]}}