{"id":10660,"date":"2025-11-14T20:53:44","date_gmt":"2025-11-14T20:53:44","guid":{"rendered":"https:\/\/letempsjadisauction.com\/?post_type=product&#038;p=10660"},"modified":"2025-11-14T20:53:44","modified_gmt":"2025-11-14T20:53:44","slug":"31-val-diffusion-pigeon","status":"publish","type":"product","link":"https:\/\/letempsjadisauction.com\/nl\/veiling\/31-val-diffusion-pigeon\/","title":{"rendered":"31. Val Diffusion \u2014 pigeon"},"content":{"rendered":"<p>31. Auteur : Val diffusion | Titre : pigeon | Signature : | Mat\u00e9riaux : cristal | Dimensions : 6 x 9 cm | \u00c9tat : tr\u00e8s bon \u00e9tat<\/p>","protected":false},"excerpt":{"rendered":"<p>Val Diffusion \u2014 pigeon<\/p>","protected":false},"featured_media":9444,"template":"","meta":{"_acf_changed":false,"inline_featured_image":false},"online_sale":[64],"product_brand":[],"product_cat":[18],"product_tag":[],"class_list":{"0":"post-10660","1":"product","2":"type-product","3":"status-publish","4":"has-post-thumbnail","6":"online_sale-novembre-2025","7":"product_cat-non-classe","9":"first","10":"instock","11":"shipping-taxable","12":"purchasable","13":"product-type-auction"},"acf":[],"_links":{"self":[{"href":"https:\/\/letempsjadisauction.com\/nl\/wp-json\/wp\/v2\/product\/10660","targetHints":{"allow":["GET"]}}],"collection":[{"href":"https:\/\/letempsjadisauction.com\/nl\/wp-json\/wp\/v2\/product"}],"about":[{"href":"https:\/\/letempsjadisauction.com\/nl\/wp-json\/wp\/v2\/types\/product"}],"wp:featuredmedia":[{"embeddable":true,"href":"https:\/\/letempsjadisauction.com\/nl\/wp-json\/wp\/v2\/media\/9444"}],"wp:attachment":[{"href":"https:\/\/letempsjadisauction.com\/nl\/wp-json\/wp\/v2\/media?parent=10660"}],"wp:term":[{"taxonomy":"online_sale","embeddable":true,"href":"https:\/\/letempsjadisauction.com\/nl\/wp-json\/wp\/v2\/online_sale?post=10660"},{"taxonomy":"product_brand","embeddable":true,"href":"https:\/\/letempsjadisauction.com\/nl\/wp-json\/wp\/v2\/product_brand?post=10660"},{"taxonomy":"product_cat","embeddable":true,"href":"https:\/\/letempsjadisauction.com\/nl\/wp-json\/wp\/v2\/product_cat?post=10660"},{"taxonomy":"product_tag","embeddable":true,"href":"https:\/\/letempsjadisauction.com\/nl\/wp-json\/wp\/v2\/product_tag?post=10660"}],"curies":[{"name":"wp","href":"https:\/\/api.w.org\/{rel}","templated":true}]}}