{"id":10661,"date":"2025-11-14T20:53:43","date_gmt":"2025-11-14T20:53:43","guid":{"rendered":"https:\/\/letempsjadisauction.com\/?post_type=product&#038;p=10661"},"modified":"2025-11-14T20:53:43","modified_gmt":"2025-11-14T20:53:43","slug":"32-daum-maurice-legendre-torses-nus","status":"publish","type":"product","link":"https:\/\/letempsjadisauction.com\/nl\/veiling\/32-daum-maurice-legendre-torses-nus\/","title":{"rendered":"32. Daum \/ Maurice Legendre \u2014 torses nus"},"content":{"rendered":"<p>32. Auteur : Daum \/  Maurice Legendre | Titre : torses nus | Signature : grav\u00e9 \u00e0 la base | Mat\u00e9riaux : cristal | Dimensions : 8 x 9 cm | \u00c9tat : tr\u00e8s bon \u00e9tat<\/p>","protected":false},"excerpt":{"rendered":"<p>Daum \/ Maurice Legendre \u2014 torses nus<\/p>","protected":false},"featured_media":9447,"template":"","meta":{"_acf_changed":false,"inline_featured_image":false},"online_sale":[64],"product_brand":[],"product_cat":[18],"product_tag":[],"class_list":{"0":"post-10661","1":"product","2":"type-product","3":"status-publish","4":"has-post-thumbnail","6":"online_sale-novembre-2025","7":"product_cat-non-classe","9":"first","10":"instock","11":"shipping-taxable","12":"purchasable","13":"product-type-auction"},"acf":[],"_links":{"self":[{"href":"https:\/\/letempsjadisauction.com\/nl\/wp-json\/wp\/v2\/product\/10661","targetHints":{"allow":["GET"]}}],"collection":[{"href":"https:\/\/letempsjadisauction.com\/nl\/wp-json\/wp\/v2\/product"}],"about":[{"href":"https:\/\/letempsjadisauction.com\/nl\/wp-json\/wp\/v2\/types\/product"}],"wp:featuredmedia":[{"embeddable":true,"href":"https:\/\/letempsjadisauction.com\/nl\/wp-json\/wp\/v2\/media\/9447"}],"wp:attachment":[{"href":"https:\/\/letempsjadisauction.com\/nl\/wp-json\/wp\/v2\/media?parent=10661"}],"wp:term":[{"taxonomy":"online_sale","embeddable":true,"href":"https:\/\/letempsjadisauction.com\/nl\/wp-json\/wp\/v2\/online_sale?post=10661"},{"taxonomy":"product_brand","embeddable":true,"href":"https:\/\/letempsjadisauction.com\/nl\/wp-json\/wp\/v2\/product_brand?post=10661"},{"taxonomy":"product_cat","embeddable":true,"href":"https:\/\/letempsjadisauction.com\/nl\/wp-json\/wp\/v2\/product_cat?post=10661"},{"taxonomy":"product_tag","embeddable":true,"href":"https:\/\/letempsjadisauction.com\/nl\/wp-json\/wp\/v2\/product_tag?post=10661"}],"curies":[{"name":"wp","href":"https:\/\/api.w.org\/{rel}","templated":true}]}}