{"id":10668,"date":"2025-11-14T20:54:00","date_gmt":"2025-11-14T20:54:00","guid":{"rendered":"https:\/\/letempsjadisauction.com\/?post_type=product&#038;p=10668"},"modified":"2025-11-14T20:54:00","modified_gmt":"2025-11-14T20:54:00","slug":"39-daum-horloge-surmontee-dun-papillon","status":"publish","type":"product","link":"https:\/\/letempsjadisauction.com\/nl\/veiling\/39-daum-horloge-surmontee-dun-papillon\/","title":{"rendered":"39. Daum \u2014 horloge surmont\u00e9e d\u2019un papillon"},"content":{"rendered":"<p>39. Auteur : Daum | Titre : horloge surmont\u00e9e d\u2019un papillon | Signature : \u00e9tiquette | Mat\u00e9riaux : cristal | Dimensions : 10 x 8 cm | \u00c9tat : tr\u00e8s bon \u00e9tat<\/p>","protected":false},"excerpt":{"rendered":"<p>Daum \u2014 horloge surmont\u00e9e d\u2019un papillon<\/p>","protected":false},"featured_media":9464,"template":"","meta":{"_acf_changed":false,"inline_featured_image":false},"online_sale":[64],"product_brand":[],"product_cat":[18],"product_tag":[],"class_list":{"0":"post-10668","1":"product","2":"type-product","3":"status-publish","4":"has-post-thumbnail","6":"online_sale-novembre-2025","7":"product_cat-non-classe","9":"first","10":"instock","11":"shipping-taxable","12":"purchasable","13":"product-type-auction"},"acf":[],"_links":{"self":[{"href":"https:\/\/letempsjadisauction.com\/nl\/wp-json\/wp\/v2\/product\/10668","targetHints":{"allow":["GET"]}}],"collection":[{"href":"https:\/\/letempsjadisauction.com\/nl\/wp-json\/wp\/v2\/product"}],"about":[{"href":"https:\/\/letempsjadisauction.com\/nl\/wp-json\/wp\/v2\/types\/product"}],"wp:featuredmedia":[{"embeddable":true,"href":"https:\/\/letempsjadisauction.com\/nl\/wp-json\/wp\/v2\/media\/9464"}],"wp:attachment":[{"href":"https:\/\/letempsjadisauction.com\/nl\/wp-json\/wp\/v2\/media?parent=10668"}],"wp:term":[{"taxonomy":"online_sale","embeddable":true,"href":"https:\/\/letempsjadisauction.com\/nl\/wp-json\/wp\/v2\/online_sale?post=10668"},{"taxonomy":"product_brand","embeddable":true,"href":"https:\/\/letempsjadisauction.com\/nl\/wp-json\/wp\/v2\/product_brand?post=10668"},{"taxonomy":"product_cat","embeddable":true,"href":"https:\/\/letempsjadisauction.com\/nl\/wp-json\/wp\/v2\/product_cat?post=10668"},{"taxonomy":"product_tag","embeddable":true,"href":"https:\/\/letempsjadisauction.com\/nl\/wp-json\/wp\/v2\/product_tag?post=10668"}],"curies":[{"name":"wp","href":"https:\/\/api.w.org\/{rel}","templated":true}]}}