{"id":10681,"date":"2025-11-14T20:54:02","date_gmt":"2025-11-14T20:54:02","guid":{"rendered":"https:\/\/letempsjadisauction.com\/?post_type=product&#038;p=10681"},"modified":"2025-11-14T20:54:02","modified_gmt":"2025-11-14T20:54:02","slug":"52-lalique-france-coupelle-a-decors-doiseaux","status":"publish","type":"product","link":"https:\/\/letempsjadisauction.com\/nl\/veiling\/52-lalique-france-coupelle-a-decors-doiseaux\/","title":{"rendered":"52. Lalique France \u2014 coupelle \u00e0 d\u00e9cors d\u2019oiseaux"},"content":{"rendered":"<p>52. Auteur : Lalique france | Titre : coupelle \u00e0 d\u00e9cors d&rsquo;oiseaux | Signature : grav\u00e9 sur la base | Mat\u00e9riaux : cristal | Dimensions : 8 x 3 cm | \u00c9tat : tr\u00e8s bon \u00e9tat<\/p>","protected":false},"excerpt":{"rendered":"<p>Lalique France \u2014 coupelle \u00e0 d\u00e9cors d\u2019oiseaux<\/p>","protected":false},"featured_media":9503,"template":"","meta":{"_acf_changed":false,"inline_featured_image":false},"online_sale":[64],"product_brand":[],"product_cat":[18],"product_tag":[],"class_list":{"0":"post-10681","1":"product","2":"type-product","3":"status-publish","4":"has-post-thumbnail","6":"online_sale-novembre-2025","7":"product_cat-non-classe","9":"first","10":"instock","11":"shipping-taxable","12":"purchasable","13":"product-type-auction"},"acf":[],"_links":{"self":[{"href":"https:\/\/letempsjadisauction.com\/nl\/wp-json\/wp\/v2\/product\/10681","targetHints":{"allow":["GET"]}}],"collection":[{"href":"https:\/\/letempsjadisauction.com\/nl\/wp-json\/wp\/v2\/product"}],"about":[{"href":"https:\/\/letempsjadisauction.com\/nl\/wp-json\/wp\/v2\/types\/product"}],"wp:featuredmedia":[{"embeddable":true,"href":"https:\/\/letempsjadisauction.com\/nl\/wp-json\/wp\/v2\/media\/9503"}],"wp:attachment":[{"href":"https:\/\/letempsjadisauction.com\/nl\/wp-json\/wp\/v2\/media?parent=10681"}],"wp:term":[{"taxonomy":"online_sale","embeddable":true,"href":"https:\/\/letempsjadisauction.com\/nl\/wp-json\/wp\/v2\/online_sale?post=10681"},{"taxonomy":"product_brand","embeddable":true,"href":"https:\/\/letempsjadisauction.com\/nl\/wp-json\/wp\/v2\/product_brand?post=10681"},{"taxonomy":"product_cat","embeddable":true,"href":"https:\/\/letempsjadisauction.com\/nl\/wp-json\/wp\/v2\/product_cat?post=10681"},{"taxonomy":"product_tag","embeddable":true,"href":"https:\/\/letempsjadisauction.com\/nl\/wp-json\/wp\/v2\/product_tag?post=10681"}],"curies":[{"name":"wp","href":"https:\/\/api.w.org\/{rel}","templated":true}]}}