{"id":10700,"date":"2025-11-14T20:54:21","date_gmt":"2025-11-14T20:54:21","guid":{"rendered":"https:\/\/letempsjadisauction.com\/?post_type=product&#038;p=10700"},"modified":"2025-11-22T16:37:38","modified_gmt":"2025-11-22T16:37:38","slug":"71-lalique-parfums-flacon-a-tete-de-lion","status":"publish","type":"product","link":"https:\/\/letempsjadisauction.com\/nl\/veiling\/71-lalique-parfums-flacon-a-tete-de-lion\/","title":{"rendered":"71. Lalique Parfums \u2014 flacon \u00e0 t\u00eate de lion"},"content":{"rendered":"<p>71. Auteur : Lalique parfums | Titre : flacon \u00e0 t\u00eate de lion | Signature : \u2014 | Mat\u00e9riaux : cristal d\u00e9poli | Dimensions : \u2014 | \u00c9tat : tr\u00e8s bon \u00e9tat<\/p>","protected":false},"excerpt":{"rendered":"<p>Lalique Parfums \u2014 flacon \u00e0 t\u00eate de lion<\/p>","protected":false},"featured_media":9556,"template":"","meta":{"_acf_changed":false,"inline_featured_image":false},"online_sale":[64],"product_brand":[],"product_cat":[18],"product_tag":[],"class_list":{"0":"post-10700","1":"product","2":"type-product","3":"status-publish","4":"has-post-thumbnail","6":"online_sale-novembre-2025","7":"product_cat-non-classe","9":"first","10":"instock","11":"shipping-taxable","12":"purchasable","13":"product-type-auction"},"acf":[],"_links":{"self":[{"href":"https:\/\/letempsjadisauction.com\/nl\/wp-json\/wp\/v2\/product\/10700","targetHints":{"allow":["GET"]}}],"collection":[{"href":"https:\/\/letempsjadisauction.com\/nl\/wp-json\/wp\/v2\/product"}],"about":[{"href":"https:\/\/letempsjadisauction.com\/nl\/wp-json\/wp\/v2\/types\/product"}],"wp:featuredmedia":[{"embeddable":true,"href":"https:\/\/letempsjadisauction.com\/nl\/wp-json\/wp\/v2\/media\/9556"}],"wp:attachment":[{"href":"https:\/\/letempsjadisauction.com\/nl\/wp-json\/wp\/v2\/media?parent=10700"}],"wp:term":[{"taxonomy":"online_sale","embeddable":true,"href":"https:\/\/letempsjadisauction.com\/nl\/wp-json\/wp\/v2\/online_sale?post=10700"},{"taxonomy":"product_brand","embeddable":true,"href":"https:\/\/letempsjadisauction.com\/nl\/wp-json\/wp\/v2\/product_brand?post=10700"},{"taxonomy":"product_cat","embeddable":true,"href":"https:\/\/letempsjadisauction.com\/nl\/wp-json\/wp\/v2\/product_cat?post=10700"},{"taxonomy":"product_tag","embeddable":true,"href":"https:\/\/letempsjadisauction.com\/nl\/wp-json\/wp\/v2\/product_tag?post=10700"}],"curies":[{"name":"wp","href":"https:\/\/api.w.org\/{rel}","templated":true}]}}