{"id":10708,"date":"2025-11-14T20:54:24","date_gmt":"2025-11-14T20:54:24","guid":{"rendered":"https:\/\/letempsjadisauction.com\/?post_type=product&#038;p=10708"},"modified":"2025-11-14T20:54:24","modified_gmt":"2025-11-14T20:54:24","slug":"79-nina-ricci-lalique-farouche","status":"publish","type":"product","link":"https:\/\/letempsjadisauction.com\/nl\/veiling\/79-nina-ricci-lalique-farouche\/","title":{"rendered":"79. Nina Ricci \/ Lalique \u2014 Farouche"},"content":{"rendered":"<p>79. Auteur : Nina Ricci \/ Lalique | Titre : Farouche | Signature : sign\u00e9 sous la base | Mat\u00e9riaux : cristal | Dimensions : \u2014 | \u00c9tat : tr\u00e8s bon \u00e9tat dans sa bo\u00eete<\/p>","protected":false},"excerpt":{"rendered":"<p>Nina Ricci \/ Lalique \u2014 Farouche<\/p>","protected":false},"featured_media":9578,"template":"","meta":{"_acf_changed":false,"inline_featured_image":false},"online_sale":[64],"product_brand":[],"product_cat":[18],"product_tag":[],"class_list":{"0":"post-10708","1":"product","2":"type-product","3":"status-publish","4":"has-post-thumbnail","6":"online_sale-novembre-2025","7":"product_cat-non-classe","9":"first","10":"instock","11":"shipping-taxable","12":"purchasable","13":"product-type-auction"},"acf":[],"_links":{"self":[{"href":"https:\/\/letempsjadisauction.com\/nl\/wp-json\/wp\/v2\/product\/10708","targetHints":{"allow":["GET"]}}],"collection":[{"href":"https:\/\/letempsjadisauction.com\/nl\/wp-json\/wp\/v2\/product"}],"about":[{"href":"https:\/\/letempsjadisauction.com\/nl\/wp-json\/wp\/v2\/types\/product"}],"wp:featuredmedia":[{"embeddable":true,"href":"https:\/\/letempsjadisauction.com\/nl\/wp-json\/wp\/v2\/media\/9578"}],"wp:attachment":[{"href":"https:\/\/letempsjadisauction.com\/nl\/wp-json\/wp\/v2\/media?parent=10708"}],"wp:term":[{"taxonomy":"online_sale","embeddable":true,"href":"https:\/\/letempsjadisauction.com\/nl\/wp-json\/wp\/v2\/online_sale?post=10708"},{"taxonomy":"product_brand","embeddable":true,"href":"https:\/\/letempsjadisauction.com\/nl\/wp-json\/wp\/v2\/product_brand?post=10708"},{"taxonomy":"product_cat","embeddable":true,"href":"https:\/\/letempsjadisauction.com\/nl\/wp-json\/wp\/v2\/product_cat?post=10708"},{"taxonomy":"product_tag","embeddable":true,"href":"https:\/\/letempsjadisauction.com\/nl\/wp-json\/wp\/v2\/product_tag?post=10708"}],"curies":[{"name":"wp","href":"https:\/\/api.w.org\/{rel}","templated":true}]}}