{"id":10746,"date":"2025-11-14T20:55:27","date_gmt":"2025-11-14T20:55:27","guid":{"rendered":"https:\/\/letempsjadisauction.com\/?post_type=product&#038;p=10746"},"modified":"2025-11-26T15:59:06","modified_gmt":"2025-11-26T15:59:06","slug":"117-nina-ricci-lalique-fille-deve","status":"publish","type":"product","link":"https:\/\/letempsjadisauction.com\/nl\/veiling\/117-nina-ricci-lalique-fille-deve\/","title":{"rendered":"117. Nina Ricci \/ Lalique \u2014 Fille d\u2019Eve"},"content":{"rendered":"<p>117. Auteur : Nina Ricci \/ Lalique| Titre : fille d&rsquo;Eve | Signature : \u2014 | Mat\u00e9riaux : verre | Dimensions : \u2014 | \u00c9tat : tr\u00e8s bon \u00e9tat<\/p>","protected":false},"excerpt":{"rendered":"<p>Nina Ricci \/ Lalique \u2014 Fille d\u2019Eve<\/p>","protected":false},"featured_media":9678,"template":"","meta":{"_acf_changed":false,"inline_featured_image":false},"online_sale":[64],"product_brand":[],"product_cat":[18],"product_tag":[],"class_list":{"0":"post-10746","1":"product","2":"type-product","3":"status-publish","4":"has-post-thumbnail","6":"online_sale-novembre-2025","7":"product_cat-non-classe","9":"first","10":"instock","11":"shipping-taxable","12":"purchasable","13":"product-type-auction"},"acf":[],"_links":{"self":[{"href":"https:\/\/letempsjadisauction.com\/nl\/wp-json\/wp\/v2\/product\/10746","targetHints":{"allow":["GET"]}}],"collection":[{"href":"https:\/\/letempsjadisauction.com\/nl\/wp-json\/wp\/v2\/product"}],"about":[{"href":"https:\/\/letempsjadisauction.com\/nl\/wp-json\/wp\/v2\/types\/product"}],"wp:featuredmedia":[{"embeddable":true,"href":"https:\/\/letempsjadisauction.com\/nl\/wp-json\/wp\/v2\/media\/9678"}],"wp:attachment":[{"href":"https:\/\/letempsjadisauction.com\/nl\/wp-json\/wp\/v2\/media?parent=10746"}],"wp:term":[{"taxonomy":"online_sale","embeddable":true,"href":"https:\/\/letempsjadisauction.com\/nl\/wp-json\/wp\/v2\/online_sale?post=10746"},{"taxonomy":"product_brand","embeddable":true,"href":"https:\/\/letempsjadisauction.com\/nl\/wp-json\/wp\/v2\/product_brand?post=10746"},{"taxonomy":"product_cat","embeddable":true,"href":"https:\/\/letempsjadisauction.com\/nl\/wp-json\/wp\/v2\/product_cat?post=10746"},{"taxonomy":"product_tag","embeddable":true,"href":"https:\/\/letempsjadisauction.com\/nl\/wp-json\/wp\/v2\/product_tag?post=10746"}],"curies":[{"name":"wp","href":"https:\/\/api.w.org\/{rel}","templated":true}]}}