{"id":10749,"date":"2025-11-14T20:55:29","date_gmt":"2025-11-14T20:55:29","guid":{"rendered":"https:\/\/letempsjadisauction.com\/?post_type=product&#038;p=10749"},"modified":"2025-11-14T20:55:29","modified_gmt":"2025-11-14T20:55:29","slug":"120-salvador-dali-baccarat-le-roy-soleil","status":"publish","type":"product","link":"https:\/\/letempsjadisauction.com\/nl\/veiling\/120-salvador-dali-baccarat-le-roy-soleil\/","title":{"rendered":"120. Salvador Dal\u00ed \/ Baccarat \u2014 Le Roy Soleil"},"content":{"rendered":"<p>120. Auteur : Salvator Dali \/ Baccarat| Titre : le roy soleil | Signature : certificats d&rsquo;authenticit\u00e9 | Mat\u00e9riaux : verre | Dimensions : \u2014 | \u00c9tat : tr\u00e8s bon \u00e9tat<\/p>","protected":false},"excerpt":{"rendered":"<p>Salvador Dal\u00ed \/ Baccarat \u2014 Le Roy Soleil<\/p>","protected":false},"featured_media":9685,"template":"","meta":{"_acf_changed":false,"inline_featured_image":false},"online_sale":[64],"product_brand":[],"product_cat":[18],"product_tag":[],"class_list":{"0":"post-10749","1":"product","2":"type-product","3":"status-publish","4":"has-post-thumbnail","6":"online_sale-novembre-2025","7":"product_cat-non-classe","9":"first","10":"instock","11":"shipping-taxable","12":"purchasable","13":"product-type-auction"},"acf":[],"_links":{"self":[{"href":"https:\/\/letempsjadisauction.com\/nl\/wp-json\/wp\/v2\/product\/10749","targetHints":{"allow":["GET"]}}],"collection":[{"href":"https:\/\/letempsjadisauction.com\/nl\/wp-json\/wp\/v2\/product"}],"about":[{"href":"https:\/\/letempsjadisauction.com\/nl\/wp-json\/wp\/v2\/types\/product"}],"wp:featuredmedia":[{"embeddable":true,"href":"https:\/\/letempsjadisauction.com\/nl\/wp-json\/wp\/v2\/media\/9685"}],"wp:attachment":[{"href":"https:\/\/letempsjadisauction.com\/nl\/wp-json\/wp\/v2\/media?parent=10749"}],"wp:term":[{"taxonomy":"online_sale","embeddable":true,"href":"https:\/\/letempsjadisauction.com\/nl\/wp-json\/wp\/v2\/online_sale?post=10749"},{"taxonomy":"product_brand","embeddable":true,"href":"https:\/\/letempsjadisauction.com\/nl\/wp-json\/wp\/v2\/product_brand?post=10749"},{"taxonomy":"product_cat","embeddable":true,"href":"https:\/\/letempsjadisauction.com\/nl\/wp-json\/wp\/v2\/product_cat?post=10749"},{"taxonomy":"product_tag","embeddable":true,"href":"https:\/\/letempsjadisauction.com\/nl\/wp-json\/wp\/v2\/product_tag?post=10749"}],"curies":[{"name":"wp","href":"https:\/\/api.w.org\/{rel}","templated":true}]}}