{"id":10765,"date":"2025-11-14T20:56:36","date_gmt":"2025-11-14T20:56:36","guid":{"rendered":"https:\/\/letempsjadisauction.com\/?post_type=product&#038;p=10765"},"modified":"2025-11-26T15:23:55","modified_gmt":"2025-11-26T15:23:55","slug":"136-guerlain-chant-daromes","status":"publish","type":"product","link":"https:\/\/letempsjadisauction.com\/nl\/veiling\/136-guerlain-chant-daromes\/","title":{"rendered":"136. Guerlain \u2014 Chant d\u2019ar\u00f4mes"},"content":{"rendered":"<p>136. Auteur : Guerlain | Titre : Chant d\u2019ar\u00f4mes | Signature : | Mat\u00e9riaux : | Dimensions : | \u00c9tat :<\/p>","protected":false},"excerpt":{"rendered":"<p>Guerlain \u2014 Chant d\u2019ar\u00f4mes<\/p>","protected":false},"featured_media":9723,"template":"","meta":{"_acf_changed":false,"inline_featured_image":false},"online_sale":[64],"product_brand":[],"product_cat":[18],"product_tag":[],"class_list":{"0":"post-10765","1":"product","2":"type-product","3":"status-publish","4":"has-post-thumbnail","6":"online_sale-novembre-2025","7":"product_cat-non-classe","9":"first","10":"instock","11":"shipping-taxable","12":"purchasable","13":"product-type-auction"},"acf":[],"_links":{"self":[{"href":"https:\/\/letempsjadisauction.com\/nl\/wp-json\/wp\/v2\/product\/10765","targetHints":{"allow":["GET"]}}],"collection":[{"href":"https:\/\/letempsjadisauction.com\/nl\/wp-json\/wp\/v2\/product"}],"about":[{"href":"https:\/\/letempsjadisauction.com\/nl\/wp-json\/wp\/v2\/types\/product"}],"wp:featuredmedia":[{"embeddable":true,"href":"https:\/\/letempsjadisauction.com\/nl\/wp-json\/wp\/v2\/media\/9723"}],"wp:attachment":[{"href":"https:\/\/letempsjadisauction.com\/nl\/wp-json\/wp\/v2\/media?parent=10765"}],"wp:term":[{"taxonomy":"online_sale","embeddable":true,"href":"https:\/\/letempsjadisauction.com\/nl\/wp-json\/wp\/v2\/online_sale?post=10765"},{"taxonomy":"product_brand","embeddable":true,"href":"https:\/\/letempsjadisauction.com\/nl\/wp-json\/wp\/v2\/product_brand?post=10765"},{"taxonomy":"product_cat","embeddable":true,"href":"https:\/\/letempsjadisauction.com\/nl\/wp-json\/wp\/v2\/product_cat?post=10765"},{"taxonomy":"product_tag","embeddable":true,"href":"https:\/\/letempsjadisauction.com\/nl\/wp-json\/wp\/v2\/product_tag?post=10765"}],"curies":[{"name":"wp","href":"https:\/\/api.w.org\/{rel}","templated":true}]}}