{"id":10777,"date":"2025-11-14T20:56:38","date_gmt":"2025-11-14T20:56:38","guid":{"rendered":"https:\/\/letempsjadisauction.com\/?post_type=product&#038;p=10777"},"modified":"2025-11-14T20:56:38","modified_gmt":"2025-11-14T20:56:38","slug":"148-lalique-france-coupe-a-caviar","status":"publish","type":"product","link":"https:\/\/letempsjadisauction.com\/nl\/veiling\/148-lalique-france-coupe-a-caviar\/","title":{"rendered":"148. Lalique France \u2014 coupe \u00e0 caviar"},"content":{"rendered":"<p>148. Auteur : Lalique France | Titre : coupe \u00e0 caviar | Signature : grav\u00e9 sous la base | Mat\u00e9riaux : cristal| Dimensions : H. 25 cm| \u00c9tat :<\/p>","protected":false},"excerpt":{"rendered":"<p>Lalique France \u2014 coupe \u00e0 caviar<\/p>","protected":false},"featured_media":9752,"template":"","meta":{"_acf_changed":false,"inline_featured_image":false},"online_sale":[64],"product_brand":[],"product_cat":[18],"product_tag":[],"class_list":{"0":"post-10777","1":"product","2":"type-product","3":"status-publish","4":"has-post-thumbnail","6":"online_sale-novembre-2025","7":"product_cat-non-classe","9":"first","10":"instock","11":"shipping-taxable","12":"purchasable","13":"product-type-auction"},"acf":[],"_links":{"self":[{"href":"https:\/\/letempsjadisauction.com\/nl\/wp-json\/wp\/v2\/product\/10777","targetHints":{"allow":["GET"]}}],"collection":[{"href":"https:\/\/letempsjadisauction.com\/nl\/wp-json\/wp\/v2\/product"}],"about":[{"href":"https:\/\/letempsjadisauction.com\/nl\/wp-json\/wp\/v2\/types\/product"}],"wp:featuredmedia":[{"embeddable":true,"href":"https:\/\/letempsjadisauction.com\/nl\/wp-json\/wp\/v2\/media\/9752"}],"wp:attachment":[{"href":"https:\/\/letempsjadisauction.com\/nl\/wp-json\/wp\/v2\/media?parent=10777"}],"wp:term":[{"taxonomy":"online_sale","embeddable":true,"href":"https:\/\/letempsjadisauction.com\/nl\/wp-json\/wp\/v2\/online_sale?post=10777"},{"taxonomy":"product_brand","embeddable":true,"href":"https:\/\/letempsjadisauction.com\/nl\/wp-json\/wp\/v2\/product_brand?post=10777"},{"taxonomy":"product_cat","embeddable":true,"href":"https:\/\/letempsjadisauction.com\/nl\/wp-json\/wp\/v2\/product_cat?post=10777"},{"taxonomy":"product_tag","embeddable":true,"href":"https:\/\/letempsjadisauction.com\/nl\/wp-json\/wp\/v2\/product_tag?post=10777"}],"curies":[{"name":"wp","href":"https:\/\/api.w.org\/{rel}","templated":true}]}}