{"id":10786,"date":"2025-11-14T20:56:40","date_gmt":"2025-11-14T20:56:40","guid":{"rendered":"https:\/\/letempsjadisauction.com\/?post_type=product&#038;p=10786"},"modified":"2025-11-22T12:28:47","modified_gmt":"2025-11-22T12:28:47","slug":"157-jacques-mongin-couteau","status":"publish","type":"product","link":"https:\/\/letempsjadisauction.com\/nl\/veiling\/157-jacques-mongin-couteau\/","title":{"rendered":"157. Jacques Mongin \u2014 couteau"},"content":{"rendered":"<p>157. Auteur : Jacques Mongin| Titre : couteau | Signature : signature sur la lame| Mat\u00e9riaux : m\u00e9tal, corne| Dimensions : | \u00c9tat :<\/p>","protected":false},"excerpt":{"rendered":"<p>Jacques Mongin \u2014 couteau<\/p>","protected":false},"featured_media":9769,"template":"","meta":{"_acf_changed":false,"inline_featured_image":false},"online_sale":[64],"product_brand":[],"product_cat":[18],"product_tag":[],"class_list":{"0":"post-10786","1":"product","2":"type-product","3":"status-publish","4":"has-post-thumbnail","6":"online_sale-novembre-2025","7":"product_cat-non-classe","9":"first","10":"instock","11":"shipping-taxable","12":"purchasable","13":"product-type-auction"},"acf":[],"_links":{"self":[{"href":"https:\/\/letempsjadisauction.com\/nl\/wp-json\/wp\/v2\/product\/10786","targetHints":{"allow":["GET"]}}],"collection":[{"href":"https:\/\/letempsjadisauction.com\/nl\/wp-json\/wp\/v2\/product"}],"about":[{"href":"https:\/\/letempsjadisauction.com\/nl\/wp-json\/wp\/v2\/types\/product"}],"wp:featuredmedia":[{"embeddable":true,"href":"https:\/\/letempsjadisauction.com\/nl\/wp-json\/wp\/v2\/media\/9769"}],"wp:attachment":[{"href":"https:\/\/letempsjadisauction.com\/nl\/wp-json\/wp\/v2\/media?parent=10786"}],"wp:term":[{"taxonomy":"online_sale","embeddable":true,"href":"https:\/\/letempsjadisauction.com\/nl\/wp-json\/wp\/v2\/online_sale?post=10786"},{"taxonomy":"product_brand","embeddable":true,"href":"https:\/\/letempsjadisauction.com\/nl\/wp-json\/wp\/v2\/product_brand?post=10786"},{"taxonomy":"product_cat","embeddable":true,"href":"https:\/\/letempsjadisauction.com\/nl\/wp-json\/wp\/v2\/product_cat?post=10786"},{"taxonomy":"product_tag","embeddable":true,"href":"https:\/\/letempsjadisauction.com\/nl\/wp-json\/wp\/v2\/product_tag?post=10786"}],"curies":[{"name":"wp","href":"https:\/\/api.w.org\/{rel}","templated":true}]}}