{"id":10788,"date":"2025-11-14T20:56:39","date_gmt":"2025-11-14T20:56:39","guid":{"rendered":"https:\/\/letempsjadisauction.com\/?post_type=product&#038;p=10788"},"modified":"2025-11-24T11:52:31","modified_gmt":"2025-11-24T11:52:31","slug":"159-universal-geneve-montre","status":"publish","type":"product","link":"https:\/\/letempsjadisauction.com\/nl\/veiling\/159-universal-geneve-montre\/","title":{"rendered":"159. Universal Gen\u00e8ve \u2014 montre"},"content":{"rendered":"<p>159. Auteur : Universal Gen\u00e8ve| Titre : montre | Signature : sur le cadran | Mat\u00e9riaux : or 18k| Dimensions : | \u00c9tat : parfait \u00e9tat, r\u00e9vis\u00e9e<\/p>","protected":false},"excerpt":{"rendered":"<p>Universal Gen\u00e8ve \u2014 montre<\/p>","protected":false},"featured_media":9771,"template":"","meta":{"_acf_changed":false,"inline_featured_image":false},"online_sale":[64],"product_brand":[],"product_cat":[18],"product_tag":[],"class_list":{"0":"post-10788","1":"product","2":"type-product","3":"status-publish","4":"has-post-thumbnail","6":"online_sale-novembre-2025","7":"product_cat-non-classe","9":"first","10":"instock","11":"shipping-taxable","12":"purchasable","13":"product-type-auction"},"acf":[],"_links":{"self":[{"href":"https:\/\/letempsjadisauction.com\/nl\/wp-json\/wp\/v2\/product\/10788","targetHints":{"allow":["GET"]}}],"collection":[{"href":"https:\/\/letempsjadisauction.com\/nl\/wp-json\/wp\/v2\/product"}],"about":[{"href":"https:\/\/letempsjadisauction.com\/nl\/wp-json\/wp\/v2\/types\/product"}],"wp:featuredmedia":[{"embeddable":true,"href":"https:\/\/letempsjadisauction.com\/nl\/wp-json\/wp\/v2\/media\/9771"}],"wp:attachment":[{"href":"https:\/\/letempsjadisauction.com\/nl\/wp-json\/wp\/v2\/media?parent=10788"}],"wp:term":[{"taxonomy":"online_sale","embeddable":true,"href":"https:\/\/letempsjadisauction.com\/nl\/wp-json\/wp\/v2\/online_sale?post=10788"},{"taxonomy":"product_brand","embeddable":true,"href":"https:\/\/letempsjadisauction.com\/nl\/wp-json\/wp\/v2\/product_brand?post=10788"},{"taxonomy":"product_cat","embeddable":true,"href":"https:\/\/letempsjadisauction.com\/nl\/wp-json\/wp\/v2\/product_cat?post=10788"},{"taxonomy":"product_tag","embeddable":true,"href":"https:\/\/letempsjadisauction.com\/nl\/wp-json\/wp\/v2\/product_tag?post=10788"}],"curies":[{"name":"wp","href":"https:\/\/api.w.org\/{rel}","templated":true}]}}