{"id":10809,"date":"2025-11-14T20:57:21","date_gmt":"2025-11-14T20:57:21","guid":{"rendered":"https:\/\/letempsjadisauction.com\/?post_type=product&#038;p=10809"},"modified":"2025-11-26T16:58:02","modified_gmt":"2025-11-26T16:58:02","slug":"180-yvon-adam-migale-velue","status":"publish","type":"product","link":"https:\/\/letempsjadisauction.com\/nl\/veiling\/180-yvon-adam-migale-velue\/","title":{"rendered":"180. Yvon Adam \u2014 lot de trois dessin"},"content":{"rendered":"<p>180. Auteur : Yvon Adam (1932-2017) | lot de trois dessins | Signature : en bas \u00e0 droite | Mat\u00e9riaux : papier, crayon | Dimensions : 35 \u00d7 26 cm \/ 50 \u00d7 40 cm encadr\u00e9 | \u00c9tat : tr\u00e8s bon \u00e9tat<\/p>","protected":false},"excerpt":{"rendered":"<p>Yvon Adam \u2014 lot de trois dessins<\/p>","protected":false},"featured_media":11116,"template":"","meta":{"_acf_changed":false,"inline_featured_image":false},"online_sale":[64],"product_brand":[],"product_cat":[18],"product_tag":[],"class_list":{"0":"post-10809","1":"product","2":"type-product","3":"status-publish","4":"has-post-thumbnail","6":"online_sale-novembre-2025","7":"product_cat-non-classe","9":"first","10":"instock","11":"shipping-taxable","12":"purchasable","13":"product-type-auction"},"acf":[],"_links":{"self":[{"href":"https:\/\/letempsjadisauction.com\/nl\/wp-json\/wp\/v2\/product\/10809","targetHints":{"allow":["GET"]}}],"collection":[{"href":"https:\/\/letempsjadisauction.com\/nl\/wp-json\/wp\/v2\/product"}],"about":[{"href":"https:\/\/letempsjadisauction.com\/nl\/wp-json\/wp\/v2\/types\/product"}],"wp:featuredmedia":[{"embeddable":true,"href":"https:\/\/letempsjadisauction.com\/nl\/wp-json\/wp\/v2\/media\/11116"}],"wp:attachment":[{"href":"https:\/\/letempsjadisauction.com\/nl\/wp-json\/wp\/v2\/media?parent=10809"}],"wp:term":[{"taxonomy":"online_sale","embeddable":true,"href":"https:\/\/letempsjadisauction.com\/nl\/wp-json\/wp\/v2\/online_sale?post=10809"},{"taxonomy":"product_brand","embeddable":true,"href":"https:\/\/letempsjadisauction.com\/nl\/wp-json\/wp\/v2\/product_brand?post=10809"},{"taxonomy":"product_cat","embeddable":true,"href":"https:\/\/letempsjadisauction.com\/nl\/wp-json\/wp\/v2\/product_cat?post=10809"},{"taxonomy":"product_tag","embeddable":true,"href":"https:\/\/letempsjadisauction.com\/nl\/wp-json\/wp\/v2\/product_tag?post=10809"}],"curies":[{"name":"wp","href":"https:\/\/api.w.org\/{rel}","templated":true}]}}