{"id":10812,"date":"2025-11-14T20:57:48","date_gmt":"2025-11-14T20:57:48","guid":{"rendered":"https:\/\/letempsjadisauction.com\/?post_type=product&#038;p=10812"},"modified":"2025-11-26T17:04:02","modified_gmt":"2025-11-26T17:04:02","slug":"183-paire-de-portraits-homme-et-femme","status":"publish","type":"product","link":"https:\/\/letempsjadisauction.com\/nl\/veiling\/183-paire-de-portraits-homme-et-femme\/","title":{"rendered":"183. Moritz Calisch Paire de portraits homme et femme"},"content":{"rendered":"<p>183. Moritz Calisch (1819-1870) | Titre : paire de portraits homme et femme cadre en stuc dor\u00e9 | Signature : en bas \u00e0 droite | Mat\u00e9riaux : huile sur toile | Dimensions : 65 x 75 cm, 85 x 95 cm encadr\u00e9 | \u00c9tat : restaurations<\/p>","protected":false},"excerpt":{"rendered":"<p>Moritz Calisch Paire de portraits homme et femme<\/p>","protected":false},"featured_media":9814,"template":"","meta":{"_acf_changed":false,"inline_featured_image":false},"online_sale":[64],"product_brand":[],"product_cat":[18],"product_tag":[],"class_list":{"0":"post-10812","1":"product","2":"type-product","3":"status-publish","4":"has-post-thumbnail","6":"online_sale-novembre-2025","7":"product_cat-non-classe","9":"first","10":"instock","11":"shipping-taxable","12":"purchasable","13":"product-type-auction"},"acf":[],"_links":{"self":[{"href":"https:\/\/letempsjadisauction.com\/nl\/wp-json\/wp\/v2\/product\/10812","targetHints":{"allow":["GET"]}}],"collection":[{"href":"https:\/\/letempsjadisauction.com\/nl\/wp-json\/wp\/v2\/product"}],"about":[{"href":"https:\/\/letempsjadisauction.com\/nl\/wp-json\/wp\/v2\/types\/product"}],"wp:featuredmedia":[{"embeddable":true,"href":"https:\/\/letempsjadisauction.com\/nl\/wp-json\/wp\/v2\/media\/9814"}],"wp:attachment":[{"href":"https:\/\/letempsjadisauction.com\/nl\/wp-json\/wp\/v2\/media?parent=10812"}],"wp:term":[{"taxonomy":"online_sale","embeddable":true,"href":"https:\/\/letempsjadisauction.com\/nl\/wp-json\/wp\/v2\/online_sale?post=10812"},{"taxonomy":"product_brand","embeddable":true,"href":"https:\/\/letempsjadisauction.com\/nl\/wp-json\/wp\/v2\/product_brand?post=10812"},{"taxonomy":"product_cat","embeddable":true,"href":"https:\/\/letempsjadisauction.com\/nl\/wp-json\/wp\/v2\/product_cat?post=10812"},{"taxonomy":"product_tag","embeddable":true,"href":"https:\/\/letempsjadisauction.com\/nl\/wp-json\/wp\/v2\/product_tag?post=10812"}],"curies":[{"name":"wp","href":"https:\/\/api.w.org\/{rel}","templated":true}]}}