{"id":10813,"date":"2025-11-14T20:57:48","date_gmt":"2025-11-14T20:57:48","guid":{"rendered":"https:\/\/letempsjadisauction.com\/?post_type=product&#038;p=10813"},"modified":"2025-11-26T15:45:15","modified_gmt":"2025-11-26T15:45:15","slug":"184-yvon-adam-mains","status":"publish","type":"product","link":"https:\/\/letempsjadisauction.com\/nl\/veiling\/184-yvon-adam-mains\/","title":{"rendered":"184. Yvon Adam \u2014 Mains"},"content":{"rendered":"<p>184. Auteur : Yvon Adam (1932-2017) | Titre : mains | Signature : | Mat\u00e9riaux : | Dimensions : 54 \u00d7 54 cm \/ 77 \u00d7 77 cm encadr\u00e9 | \u00c9tat :<\/p>","protected":false},"excerpt":{"rendered":"<p>Yvon Adam \u2014 mains<\/p>","protected":false},"featured_media":9817,"template":"","meta":{"_acf_changed":false,"inline_featured_image":false},"online_sale":[64],"product_brand":[],"product_cat":[18],"product_tag":[],"class_list":{"0":"post-10813","1":"product","2":"type-product","3":"status-publish","4":"has-post-thumbnail","6":"online_sale-novembre-2025","7":"product_cat-non-classe","9":"first","10":"instock","11":"shipping-taxable","12":"purchasable","13":"product-type-auction"},"acf":[],"_links":{"self":[{"href":"https:\/\/letempsjadisauction.com\/nl\/wp-json\/wp\/v2\/product\/10813","targetHints":{"allow":["GET"]}}],"collection":[{"href":"https:\/\/letempsjadisauction.com\/nl\/wp-json\/wp\/v2\/product"}],"about":[{"href":"https:\/\/letempsjadisauction.com\/nl\/wp-json\/wp\/v2\/types\/product"}],"wp:featuredmedia":[{"embeddable":true,"href":"https:\/\/letempsjadisauction.com\/nl\/wp-json\/wp\/v2\/media\/9817"}],"wp:attachment":[{"href":"https:\/\/letempsjadisauction.com\/nl\/wp-json\/wp\/v2\/media?parent=10813"}],"wp:term":[{"taxonomy":"online_sale","embeddable":true,"href":"https:\/\/letempsjadisauction.com\/nl\/wp-json\/wp\/v2\/online_sale?post=10813"},{"taxonomy":"product_brand","embeddable":true,"href":"https:\/\/letempsjadisauction.com\/nl\/wp-json\/wp\/v2\/product_brand?post=10813"},{"taxonomy":"product_cat","embeddable":true,"href":"https:\/\/letempsjadisauction.com\/nl\/wp-json\/wp\/v2\/product_cat?post=10813"},{"taxonomy":"product_tag","embeddable":true,"href":"https:\/\/letempsjadisauction.com\/nl\/wp-json\/wp\/v2\/product_tag?post=10813"}],"curies":[{"name":"wp","href":"https:\/\/api.w.org\/{rel}","templated":true}]}}