{"id":10814,"date":"2025-11-14T20:57:50","date_gmt":"2025-11-14T20:57:50","guid":{"rendered":"https:\/\/letempsjadisauction.com\/?post_type=product&#038;p=10814"},"modified":"2025-11-26T15:44:08","modified_gmt":"2025-11-26T15:44:08","slug":"185-yvon-adam-compartiment-pour-sphinx","status":"publish","type":"product","link":"https:\/\/letempsjadisauction.com\/nl\/veiling\/185-yvon-adam-compartiment-pour-sphinx\/","title":{"rendered":"185. Yvon Adam \u2014 Compartiment pour Sphinx"},"content":{"rendered":"<p>185. Auteur : Yvon Adam (1932-2017) | Titre : compartiment pour Sphinx | Signature : | Mat\u00e9riaux : | Dimensions : 73 \u00d7 110 cm | \u00c9tat : un coup<\/p>","protected":false},"excerpt":{"rendered":"<p>Yvon Adam \u2014 compartiment pour Sphinx<\/p>","protected":false},"featured_media":9819,"template":"","meta":{"_acf_changed":false,"inline_featured_image":false},"online_sale":[64],"product_brand":[],"product_cat":[18],"product_tag":[],"class_list":{"0":"post-10814","1":"product","2":"type-product","3":"status-publish","4":"has-post-thumbnail","6":"online_sale-novembre-2025","7":"product_cat-non-classe","9":"first","10":"instock","11":"shipping-taxable","12":"purchasable","13":"product-type-auction"},"acf":[],"_links":{"self":[{"href":"https:\/\/letempsjadisauction.com\/nl\/wp-json\/wp\/v2\/product\/10814","targetHints":{"allow":["GET"]}}],"collection":[{"href":"https:\/\/letempsjadisauction.com\/nl\/wp-json\/wp\/v2\/product"}],"about":[{"href":"https:\/\/letempsjadisauction.com\/nl\/wp-json\/wp\/v2\/types\/product"}],"wp:featuredmedia":[{"embeddable":true,"href":"https:\/\/letempsjadisauction.com\/nl\/wp-json\/wp\/v2\/media\/9819"}],"wp:attachment":[{"href":"https:\/\/letempsjadisauction.com\/nl\/wp-json\/wp\/v2\/media?parent=10814"}],"wp:term":[{"taxonomy":"online_sale","embeddable":true,"href":"https:\/\/letempsjadisauction.com\/nl\/wp-json\/wp\/v2\/online_sale?post=10814"},{"taxonomy":"product_brand","embeddable":true,"href":"https:\/\/letempsjadisauction.com\/nl\/wp-json\/wp\/v2\/product_brand?post=10814"},{"taxonomy":"product_cat","embeddable":true,"href":"https:\/\/letempsjadisauction.com\/nl\/wp-json\/wp\/v2\/product_cat?post=10814"},{"taxonomy":"product_tag","embeddable":true,"href":"https:\/\/letempsjadisauction.com\/nl\/wp-json\/wp\/v2\/product_tag?post=10814"}],"curies":[{"name":"wp","href":"https:\/\/api.w.org\/{rel}","templated":true}]}}