{"id":10815,"date":"2025-11-14T20:57:50","date_gmt":"2025-11-14T20:57:50","guid":{"rendered":"https:\/\/letempsjadisauction.com\/?post_type=product&#038;p=10815"},"modified":"2025-11-26T15:43:39","modified_gmt":"2025-11-26T15:43:39","slug":"186-yvon-adam-sejour-a-lautel","status":"publish","type":"product","link":"https:\/\/letempsjadisauction.com\/nl\/veiling\/186-yvon-adam-sejour-a-lautel\/","title":{"rendered":"186. Yvon Adam \u2014 S\u00e9jour \u00e0 l\u2019autel"},"content":{"rendered":"<p>186. Auteur : Yvon Adam (1932-2017) | Titre : s\u00e9jour \u00e0 l\u2019autel | Signature : | Mat\u00e9riaux : | Dimensions : 97 \u00d7 77 cm | \u00c9tat :<\/p>","protected":false},"excerpt":{"rendered":"<p>Yvon Adam \u2014 s\u00e9jour \u00e0 l\u2019autel<\/p>","protected":false},"featured_media":9822,"template":"","meta":{"_acf_changed":false,"inline_featured_image":false},"online_sale":[64],"product_brand":[],"product_cat":[18],"product_tag":[],"class_list":{"0":"post-10815","1":"product","2":"type-product","3":"status-publish","4":"has-post-thumbnail","6":"online_sale-novembre-2025","7":"product_cat-non-classe","9":"first","10":"instock","11":"shipping-taxable","12":"purchasable","13":"product-type-auction"},"acf":[],"_links":{"self":[{"href":"https:\/\/letempsjadisauction.com\/nl\/wp-json\/wp\/v2\/product\/10815","targetHints":{"allow":["GET"]}}],"collection":[{"href":"https:\/\/letempsjadisauction.com\/nl\/wp-json\/wp\/v2\/product"}],"about":[{"href":"https:\/\/letempsjadisauction.com\/nl\/wp-json\/wp\/v2\/types\/product"}],"wp:featuredmedia":[{"embeddable":true,"href":"https:\/\/letempsjadisauction.com\/nl\/wp-json\/wp\/v2\/media\/9822"}],"wp:attachment":[{"href":"https:\/\/letempsjadisauction.com\/nl\/wp-json\/wp\/v2\/media?parent=10815"}],"wp:term":[{"taxonomy":"online_sale","embeddable":true,"href":"https:\/\/letempsjadisauction.com\/nl\/wp-json\/wp\/v2\/online_sale?post=10815"},{"taxonomy":"product_brand","embeddable":true,"href":"https:\/\/letempsjadisauction.com\/nl\/wp-json\/wp\/v2\/product_brand?post=10815"},{"taxonomy":"product_cat","embeddable":true,"href":"https:\/\/letempsjadisauction.com\/nl\/wp-json\/wp\/v2\/product_cat?post=10815"},{"taxonomy":"product_tag","embeddable":true,"href":"https:\/\/letempsjadisauction.com\/nl\/wp-json\/wp\/v2\/product_tag?post=10815"}],"curies":[{"name":"wp","href":"https:\/\/api.w.org\/{rel}","templated":true}]}}