{"id":10816,"date":"2025-11-14T20:57:49","date_gmt":"2025-11-14T20:57:49","guid":{"rendered":"https:\/\/letempsjadisauction.com\/?post_type=product&#038;p=10816"},"modified":"2025-11-26T15:43:01","modified_gmt":"2025-11-26T15:43:01","slug":"187-yvon-adam-femme","status":"publish","type":"product","link":"https:\/\/letempsjadisauction.com\/nl\/veiling\/187-yvon-adam-femme\/","title":{"rendered":"187. Yvon Adam \u2014 Femme"},"content":{"rendered":"<p>187. Auteur : Yvon Adam (1932-2017) | Titre : femme | Signature : | Mat\u00e9riaux : | Dimensions : 113 \u00d7 76 cm | \u00c9tat :<\/p>","protected":false},"excerpt":{"rendered":"<p>Yvon Adam \u2014 femme<\/p>","protected":false},"featured_media":9824,"template":"","meta":{"_acf_changed":false,"inline_featured_image":false},"online_sale":[64],"product_brand":[],"product_cat":[18],"product_tag":[],"class_list":{"0":"post-10816","1":"product","2":"type-product","3":"status-publish","4":"has-post-thumbnail","6":"online_sale-novembre-2025","7":"product_cat-non-classe","9":"first","10":"instock","11":"shipping-taxable","12":"purchasable","13":"product-type-auction"},"acf":[],"_links":{"self":[{"href":"https:\/\/letempsjadisauction.com\/nl\/wp-json\/wp\/v2\/product\/10816","targetHints":{"allow":["GET"]}}],"collection":[{"href":"https:\/\/letempsjadisauction.com\/nl\/wp-json\/wp\/v2\/product"}],"about":[{"href":"https:\/\/letempsjadisauction.com\/nl\/wp-json\/wp\/v2\/types\/product"}],"wp:featuredmedia":[{"embeddable":true,"href":"https:\/\/letempsjadisauction.com\/nl\/wp-json\/wp\/v2\/media\/9824"}],"wp:attachment":[{"href":"https:\/\/letempsjadisauction.com\/nl\/wp-json\/wp\/v2\/media?parent=10816"}],"wp:term":[{"taxonomy":"online_sale","embeddable":true,"href":"https:\/\/letempsjadisauction.com\/nl\/wp-json\/wp\/v2\/online_sale?post=10816"},{"taxonomy":"product_brand","embeddable":true,"href":"https:\/\/letempsjadisauction.com\/nl\/wp-json\/wp\/v2\/product_brand?post=10816"},{"taxonomy":"product_cat","embeddable":true,"href":"https:\/\/letempsjadisauction.com\/nl\/wp-json\/wp\/v2\/product_cat?post=10816"},{"taxonomy":"product_tag","embeddable":true,"href":"https:\/\/letempsjadisauction.com\/nl\/wp-json\/wp\/v2\/product_tag?post=10816"}],"curies":[{"name":"wp","href":"https:\/\/api.w.org\/{rel}","templated":true}]}}