{"id":10826,"date":"2025-11-14T20:57:51","date_gmt":"2025-11-14T20:57:51","guid":{"rendered":"https:\/\/letempsjadisauction.com\/?post_type=product&#038;p=10826"},"modified":"2025-11-14T20:57:51","modified_gmt":"2025-11-14T20:57:51","slug":"197-rombaut-voiliers-sur-le-bord-de-plage","status":"publish","type":"product","link":"https:\/\/letempsjadisauction.com\/nl\/veiling\/197-rombaut-voiliers-sur-le-bord-de-plage\/","title":{"rendered":"197. Rombaut \u2014 Voiliers sur le bord de plage"},"content":{"rendered":"<p>197. Auteur : Rombaut | Titre : peinture voiliers sur le bord de plage | Signature : en bas \u00e0 droite | Mat\u00e9riaux : huile sur panneau | Dimensions : 22 \u00d7 16 cm \/ 34 \u00d7 28 cm encadr\u00e9 | \u00c9tat :<\/p>","protected":false},"excerpt":{"rendered":"<p>Rombaut \u2014 peinture voiliers sur le bord de plage<\/p>","protected":false},"featured_media":9847,"template":"","meta":{"_acf_changed":false,"inline_featured_image":false},"online_sale":[64],"product_brand":[],"product_cat":[18],"product_tag":[],"class_list":{"0":"post-10826","1":"product","2":"type-product","3":"status-publish","4":"has-post-thumbnail","6":"online_sale-novembre-2025","7":"product_cat-non-classe","9":"first","10":"instock","11":"shipping-taxable","12":"purchasable","13":"product-type-auction"},"acf":[],"_links":{"self":[{"href":"https:\/\/letempsjadisauction.com\/nl\/wp-json\/wp\/v2\/product\/10826","targetHints":{"allow":["GET"]}}],"collection":[{"href":"https:\/\/letempsjadisauction.com\/nl\/wp-json\/wp\/v2\/product"}],"about":[{"href":"https:\/\/letempsjadisauction.com\/nl\/wp-json\/wp\/v2\/types\/product"}],"wp:featuredmedia":[{"embeddable":true,"href":"https:\/\/letempsjadisauction.com\/nl\/wp-json\/wp\/v2\/media\/9847"}],"wp:attachment":[{"href":"https:\/\/letempsjadisauction.com\/nl\/wp-json\/wp\/v2\/media?parent=10826"}],"wp:term":[{"taxonomy":"online_sale","embeddable":true,"href":"https:\/\/letempsjadisauction.com\/nl\/wp-json\/wp\/v2\/online_sale?post=10826"},{"taxonomy":"product_brand","embeddable":true,"href":"https:\/\/letempsjadisauction.com\/nl\/wp-json\/wp\/v2\/product_brand?post=10826"},{"taxonomy":"product_cat","embeddable":true,"href":"https:\/\/letempsjadisauction.com\/nl\/wp-json\/wp\/v2\/product_cat?post=10826"},{"taxonomy":"product_tag","embeddable":true,"href":"https:\/\/letempsjadisauction.com\/nl\/wp-json\/wp\/v2\/product_tag?post=10826"}],"curies":[{"name":"wp","href":"https:\/\/api.w.org\/{rel}","templated":true}]}}