{"id":10828,"date":"2025-11-14T20:57:50","date_gmt":"2025-11-14T20:57:50","guid":{"rendered":"https:\/\/letempsjadisauction.com\/?post_type=product&#038;p=10828"},"modified":"2025-11-26T17:36:01","modified_gmt":"2025-11-26T17:36:01","slug":"199-albert-dandoy-paysage-gimnee","status":"publish","type":"product","link":"https:\/\/letempsjadisauction.com\/nl\/veiling\/199-albert-dandoy-paysage-gimnee\/","title":{"rendered":"199. Albert Dandoy \u2014 Paysage Gimn\u00e9e"},"content":{"rendered":"<p>199. Auteur : Albert Dandoy (1885-1977) | Titre : peinture paysage Gimn\u00e9e, annot\u00e9e et dat\u00e9e \u00e0 l&rsquo;arri\u00e8re 1940 | Signature : | Mat\u00e9riaux : | Dimensions : 57 x 38 cm, 73 x 53 cm encadr\u00e9 | \u00c9tat :<\/p>","protected":false},"excerpt":{"rendered":"<p>Albert Dandoy \u2014 peinture paysage Gimn\u00e9e<\/p>","protected":false},"featured_media":9853,"template":"","meta":{"_acf_changed":false,"inline_featured_image":false},"online_sale":[64],"product_brand":[],"product_cat":[18],"product_tag":[],"class_list":{"0":"post-10828","1":"product","2":"type-product","3":"status-publish","4":"has-post-thumbnail","6":"online_sale-novembre-2025","7":"product_cat-non-classe","9":"first","10":"instock","11":"shipping-taxable","12":"purchasable","13":"product-type-auction"},"acf":[],"_links":{"self":[{"href":"https:\/\/letempsjadisauction.com\/nl\/wp-json\/wp\/v2\/product\/10828","targetHints":{"allow":["GET"]}}],"collection":[{"href":"https:\/\/letempsjadisauction.com\/nl\/wp-json\/wp\/v2\/product"}],"about":[{"href":"https:\/\/letempsjadisauction.com\/nl\/wp-json\/wp\/v2\/types\/product"}],"wp:featuredmedia":[{"embeddable":true,"href":"https:\/\/letempsjadisauction.com\/nl\/wp-json\/wp\/v2\/media\/9853"}],"wp:attachment":[{"href":"https:\/\/letempsjadisauction.com\/nl\/wp-json\/wp\/v2\/media?parent=10828"}],"wp:term":[{"taxonomy":"online_sale","embeddable":true,"href":"https:\/\/letempsjadisauction.com\/nl\/wp-json\/wp\/v2\/online_sale?post=10828"},{"taxonomy":"product_brand","embeddable":true,"href":"https:\/\/letempsjadisauction.com\/nl\/wp-json\/wp\/v2\/product_brand?post=10828"},{"taxonomy":"product_cat","embeddable":true,"href":"https:\/\/letempsjadisauction.com\/nl\/wp-json\/wp\/v2\/product_cat?post=10828"},{"taxonomy":"product_tag","embeddable":true,"href":"https:\/\/letempsjadisauction.com\/nl\/wp-json\/wp\/v2\/product_tag?post=10828"}],"curies":[{"name":"wp","href":"https:\/\/api.w.org\/{rel}","templated":true}]}}