{"id":10830,"date":"2025-11-14T20:58:09","date_gmt":"2025-11-14T20:58:09","guid":{"rendered":"https:\/\/letempsjadisauction.com\/?post_type=product&#038;p=10830"},"modified":"2025-11-23T09:12:04","modified_gmt":"2025-11-23T09:12:04","slug":"201-mony-desmedt-peinture-abstraite","status":"publish","type":"product","link":"https:\/\/letempsjadisauction.com\/nl\/veiling\/201-mony-desmedt-peinture-abstraite\/","title":{"rendered":"201. Mony Desmedt \u2014 Peinture abstraite"},"content":{"rendered":"<p>201. Auteur : Mony Desmedt | Titre : peinture abstraite | Signature : contresign\u00e9 au dos | Mat\u00e9riaux : huile sur toile | Dimensions :  \u00d7  cm  | \u00c9tat : un coup<\/p>","protected":false},"excerpt":{"rendered":"<p>Mony Desmedt \u2014 peinture abstraite<\/p>","protected":false},"featured_media":9858,"template":"","meta":{"_acf_changed":false,"inline_featured_image":false},"online_sale":[64],"product_brand":[],"product_cat":[18],"product_tag":[],"class_list":{"0":"post-10830","1":"product","2":"type-product","3":"status-publish","4":"has-post-thumbnail","6":"online_sale-novembre-2025","7":"product_cat-non-classe","9":"first","10":"instock","11":"shipping-taxable","12":"purchasable","13":"product-type-auction"},"acf":[],"_links":{"self":[{"href":"https:\/\/letempsjadisauction.com\/nl\/wp-json\/wp\/v2\/product\/10830","targetHints":{"allow":["GET"]}}],"collection":[{"href":"https:\/\/letempsjadisauction.com\/nl\/wp-json\/wp\/v2\/product"}],"about":[{"href":"https:\/\/letempsjadisauction.com\/nl\/wp-json\/wp\/v2\/types\/product"}],"wp:featuredmedia":[{"embeddable":true,"href":"https:\/\/letempsjadisauction.com\/nl\/wp-json\/wp\/v2\/media\/9858"}],"wp:attachment":[{"href":"https:\/\/letempsjadisauction.com\/nl\/wp-json\/wp\/v2\/media?parent=10830"}],"wp:term":[{"taxonomy":"online_sale","embeddable":true,"href":"https:\/\/letempsjadisauction.com\/nl\/wp-json\/wp\/v2\/online_sale?post=10830"},{"taxonomy":"product_brand","embeddable":true,"href":"https:\/\/letempsjadisauction.com\/nl\/wp-json\/wp\/v2\/product_brand?post=10830"},{"taxonomy":"product_cat","embeddable":true,"href":"https:\/\/letempsjadisauction.com\/nl\/wp-json\/wp\/v2\/product_cat?post=10830"},{"taxonomy":"product_tag","embeddable":true,"href":"https:\/\/letempsjadisauction.com\/nl\/wp-json\/wp\/v2\/product_tag?post=10830"}],"curies":[{"name":"wp","href":"https:\/\/api.w.org\/{rel}","templated":true}]}}