{"id":10834,"date":"2025-11-14T20:58:10","date_gmt":"2025-11-14T20:58:10","guid":{"rendered":"https:\/\/letempsjadisauction.com\/?post_type=product&#038;p=10834"},"modified":"2025-11-24T15:44:27","modified_gmt":"2025-11-24T15:44:27","slug":"205-angelo-brotto-lampe-applique-murale-carree","status":"publish","type":"product","link":"https:\/\/letempsjadisauction.com\/nl\/veiling\/205-angelo-brotto-lampe-applique-murale-carree\/","title":{"rendered":"205. Angelo Brotto \u2014 Lampe applique murale carr\u00e9e"},"content":{"rendered":"<p>205 Auteur : Angelo Brotto (1914-2002) | Titre : lampe applique murale carr\u00e9e pour Esperia, Italie 1970 | Signature :  non | Mat\u00e9riaux : m\u00e9tal, verre | Dimensions :  80 x 80 cm| \u00c9tat : tr\u00e8s bon \u00e9tat<\/p>","protected":false},"excerpt":{"rendered":"<p>Angelo Brotto \u2014 lampe applique murale carr\u00e9e<\/p>","protected":false},"featured_media":9865,"template":"","meta":{"_acf_changed":false,"inline_featured_image":false},"online_sale":[64],"product_brand":[],"product_cat":[18],"product_tag":[],"class_list":{"0":"post-10834","1":"product","2":"type-product","3":"status-publish","4":"has-post-thumbnail","6":"online_sale-novembre-2025","7":"product_cat-non-classe","9":"first","10":"instock","11":"shipping-taxable","12":"purchasable","13":"product-type-auction"},"acf":[],"_links":{"self":[{"href":"https:\/\/letempsjadisauction.com\/nl\/wp-json\/wp\/v2\/product\/10834","targetHints":{"allow":["GET"]}}],"collection":[{"href":"https:\/\/letempsjadisauction.com\/nl\/wp-json\/wp\/v2\/product"}],"about":[{"href":"https:\/\/letempsjadisauction.com\/nl\/wp-json\/wp\/v2\/types\/product"}],"wp:featuredmedia":[{"embeddable":true,"href":"https:\/\/letempsjadisauction.com\/nl\/wp-json\/wp\/v2\/media\/9865"}],"wp:attachment":[{"href":"https:\/\/letempsjadisauction.com\/nl\/wp-json\/wp\/v2\/media?parent=10834"}],"wp:term":[{"taxonomy":"online_sale","embeddable":true,"href":"https:\/\/letempsjadisauction.com\/nl\/wp-json\/wp\/v2\/online_sale?post=10834"},{"taxonomy":"product_brand","embeddable":true,"href":"https:\/\/letempsjadisauction.com\/nl\/wp-json\/wp\/v2\/product_brand?post=10834"},{"taxonomy":"product_cat","embeddable":true,"href":"https:\/\/letempsjadisauction.com\/nl\/wp-json\/wp\/v2\/product_cat?post=10834"},{"taxonomy":"product_tag","embeddable":true,"href":"https:\/\/letempsjadisauction.com\/nl\/wp-json\/wp\/v2\/product_tag?post=10834"}],"curies":[{"name":"wp","href":"https:\/\/api.w.org\/{rel}","templated":true}]}}