{"id":10836,"date":"2025-11-14T20:58:10","date_gmt":"2025-11-14T20:58:10","guid":{"rendered":"https:\/\/letempsjadisauction.com\/?post_type=product&#038;p=10836"},"modified":"2025-11-26T17:52:01","modified_gmt":"2025-11-26T17:52:01","slug":"207-plaque-delft","status":"publish","type":"product","link":"https:\/\/letempsjadisauction.com\/nl\/veiling\/207-plaque-delft\/","title":{"rendered":"207. Delft, plaque en faience"},"content":{"rendered":"<p>207. Delft, plaque repr\u00e9sentant une sc\u00e8ne de travail dans les champs, faience polychrome, marque L peinte \u00e0 l&rsquo;arri\u00e8re, 34 x 28 cm<\/p>","protected":false},"excerpt":{"rendered":"<p>Delft, plaque en faience<\/p>","protected":false},"featured_media":11108,"template":"","meta":{"_acf_changed":false,"inline_featured_image":false},"online_sale":[64],"product_brand":[],"product_cat":[18],"product_tag":[],"class_list":{"0":"post-10836","1":"product","2":"type-product","3":"status-publish","4":"has-post-thumbnail","6":"online_sale-novembre-2025","7":"product_cat-non-classe","9":"first","10":"instock","11":"shipping-taxable","12":"purchasable","13":"product-type-auction"},"acf":[],"_links":{"self":[{"href":"https:\/\/letempsjadisauction.com\/nl\/wp-json\/wp\/v2\/product\/10836","targetHints":{"allow":["GET"]}}],"collection":[{"href":"https:\/\/letempsjadisauction.com\/nl\/wp-json\/wp\/v2\/product"}],"about":[{"href":"https:\/\/letempsjadisauction.com\/nl\/wp-json\/wp\/v2\/types\/product"}],"wp:featuredmedia":[{"embeddable":true,"href":"https:\/\/letempsjadisauction.com\/nl\/wp-json\/wp\/v2\/media\/11108"}],"wp:attachment":[{"href":"https:\/\/letempsjadisauction.com\/nl\/wp-json\/wp\/v2\/media?parent=10836"}],"wp:term":[{"taxonomy":"online_sale","embeddable":true,"href":"https:\/\/letempsjadisauction.com\/nl\/wp-json\/wp\/v2\/online_sale?post=10836"},{"taxonomy":"product_brand","embeddable":true,"href":"https:\/\/letempsjadisauction.com\/nl\/wp-json\/wp\/v2\/product_brand?post=10836"},{"taxonomy":"product_cat","embeddable":true,"href":"https:\/\/letempsjadisauction.com\/nl\/wp-json\/wp\/v2\/product_cat?post=10836"},{"taxonomy":"product_tag","embeddable":true,"href":"https:\/\/letempsjadisauction.com\/nl\/wp-json\/wp\/v2\/product_tag?post=10836"}],"curies":[{"name":"wp","href":"https:\/\/api.w.org\/{rel}","templated":true}]}}