{"id":10845,"date":"2025-11-14T20:58:12","date_gmt":"2025-11-14T20:58:12","guid":{"rendered":"https:\/\/letempsjadisauction.com\/?post_type=product&#038;p=10845"},"modified":"2025-11-22T16:31:35","modified_gmt":"2025-11-22T16:31:35","slug":"216-cuisiniere-et-accessoires","status":"publish","type":"product","link":"https:\/\/letempsjadisauction.com\/nl\/veiling\/216-cuisiniere-et-accessoires\/","title":{"rendered":"216. Cuisini\u00e8re et accessoires"},"content":{"rendered":"<p>216. Auteur : | Titre : cuisini\u00e8re et accessoires | Mat\u00e9riaux : | Dimensions : | Signature : | \u00c9tat :<\/p>","protected":false},"excerpt":{"rendered":"<p>cuisini\u00e8re et accessoires<\/p>","protected":false},"featured_media":9879,"template":"","meta":{"_acf_changed":false,"inline_featured_image":false},"online_sale":[64],"product_brand":[],"product_cat":[18],"product_tag":[],"class_list":{"0":"post-10845","1":"product","2":"type-product","3":"status-publish","4":"has-post-thumbnail","6":"online_sale-novembre-2025","7":"product_cat-non-classe","9":"first","10":"instock","11":"shipping-taxable","12":"purchasable","13":"product-type-auction"},"acf":[],"_links":{"self":[{"href":"https:\/\/letempsjadisauction.com\/nl\/wp-json\/wp\/v2\/product\/10845","targetHints":{"allow":["GET"]}}],"collection":[{"href":"https:\/\/letempsjadisauction.com\/nl\/wp-json\/wp\/v2\/product"}],"about":[{"href":"https:\/\/letempsjadisauction.com\/nl\/wp-json\/wp\/v2\/types\/product"}],"wp:featuredmedia":[{"embeddable":true,"href":"https:\/\/letempsjadisauction.com\/nl\/wp-json\/wp\/v2\/media\/9879"}],"wp:attachment":[{"href":"https:\/\/letempsjadisauction.com\/nl\/wp-json\/wp\/v2\/media?parent=10845"}],"wp:term":[{"taxonomy":"online_sale","embeddable":true,"href":"https:\/\/letempsjadisauction.com\/nl\/wp-json\/wp\/v2\/online_sale?post=10845"},{"taxonomy":"product_brand","embeddable":true,"href":"https:\/\/letempsjadisauction.com\/nl\/wp-json\/wp\/v2\/product_brand?post=10845"},{"taxonomy":"product_cat","embeddable":true,"href":"https:\/\/letempsjadisauction.com\/nl\/wp-json\/wp\/v2\/product_cat?post=10845"},{"taxonomy":"product_tag","embeddable":true,"href":"https:\/\/letempsjadisauction.com\/nl\/wp-json\/wp\/v2\/product_tag?post=10845"}],"curies":[{"name":"wp","href":"https:\/\/api.w.org\/{rel}","templated":true}]}}