{"id":10854,"date":"2025-11-14T20:58:56","date_gmt":"2025-11-14T20:58:56","guid":{"rendered":"https:\/\/letempsjadisauction.com\/?post_type=product&#038;p=10854"},"modified":"2025-11-14T20:58:56","modified_gmt":"2025-11-14T20:58:56","slug":"225-snf-poupee","status":"publish","type":"product","link":"https:\/\/letempsjadisauction.com\/nl\/veiling\/225-snf-poupee\/","title":{"rendered":"225. SNF \u2014 poup\u00e9e"},"content":{"rendered":"<p>225. Auteur : SNF | Titre : poup\u00e9e | Mat\u00e9riaux : cellulo | Dimensions : | Signature : | \u00c9tat :<\/p>","protected":false},"excerpt":{"rendered":"<p>SNF \u2014 poup\u00e9e<\/p>","protected":false},"featured_media":9897,"template":"","meta":{"_acf_changed":false,"inline_featured_image":false},"online_sale":[64],"product_brand":[],"product_cat":[18],"product_tag":[],"class_list":{"0":"post-10854","1":"product","2":"type-product","3":"status-publish","4":"has-post-thumbnail","6":"online_sale-novembre-2025","7":"product_cat-non-classe","9":"first","10":"instock","11":"shipping-taxable","12":"purchasable","13":"product-type-auction"},"acf":[],"_links":{"self":[{"href":"https:\/\/letempsjadisauction.com\/nl\/wp-json\/wp\/v2\/product\/10854","targetHints":{"allow":["GET"]}}],"collection":[{"href":"https:\/\/letempsjadisauction.com\/nl\/wp-json\/wp\/v2\/product"}],"about":[{"href":"https:\/\/letempsjadisauction.com\/nl\/wp-json\/wp\/v2\/types\/product"}],"wp:featuredmedia":[{"embeddable":true,"href":"https:\/\/letempsjadisauction.com\/nl\/wp-json\/wp\/v2\/media\/9897"}],"wp:attachment":[{"href":"https:\/\/letempsjadisauction.com\/nl\/wp-json\/wp\/v2\/media?parent=10854"}],"wp:term":[{"taxonomy":"online_sale","embeddable":true,"href":"https:\/\/letempsjadisauction.com\/nl\/wp-json\/wp\/v2\/online_sale?post=10854"},{"taxonomy":"product_brand","embeddable":true,"href":"https:\/\/letempsjadisauction.com\/nl\/wp-json\/wp\/v2\/product_brand?post=10854"},{"taxonomy":"product_cat","embeddable":true,"href":"https:\/\/letempsjadisauction.com\/nl\/wp-json\/wp\/v2\/product_cat?post=10854"},{"taxonomy":"product_tag","embeddable":true,"href":"https:\/\/letempsjadisauction.com\/nl\/wp-json\/wp\/v2\/product_tag?post=10854"}],"curies":[{"name":"wp","href":"https:\/\/api.w.org\/{rel}","templated":true}]}}