{"id":10871,"date":"2025-11-14T20:59:54","date_gmt":"2025-11-14T20:59:54","guid":{"rendered":"https:\/\/letempsjadisauction.com\/?post_type=product&#038;p=10871"},"modified":"2025-11-14T20:59:54","modified_gmt":"2025-11-14T20:59:54","slug":"242-jeux-peche","status":"publish","type":"product","link":"https:\/\/letempsjadisauction.com\/nl\/veiling\/242-jeux-peche\/","title":{"rendered":"242. Jeux p\u00eache"},"content":{"rendered":"<p>242. Auteur : | Titre : jeux peche | Mat\u00e9riaux : | Dimensions : 32 x 22 cm| Signature : | \u00c9tat :<\/p>","protected":false},"excerpt":{"rendered":"<p>jeux p\u00eache<\/p>","protected":false},"featured_media":9937,"template":"","meta":{"_acf_changed":false,"inline_featured_image":false},"online_sale":[64],"product_brand":[],"product_cat":[18],"product_tag":[],"class_list":{"0":"post-10871","1":"product","2":"type-product","3":"status-publish","4":"has-post-thumbnail","6":"online_sale-novembre-2025","7":"product_cat-non-classe","9":"first","10":"instock","11":"shipping-taxable","12":"purchasable","13":"product-type-auction"},"acf":[],"_links":{"self":[{"href":"https:\/\/letempsjadisauction.com\/nl\/wp-json\/wp\/v2\/product\/10871","targetHints":{"allow":["GET"]}}],"collection":[{"href":"https:\/\/letempsjadisauction.com\/nl\/wp-json\/wp\/v2\/product"}],"about":[{"href":"https:\/\/letempsjadisauction.com\/nl\/wp-json\/wp\/v2\/types\/product"}],"wp:featuredmedia":[{"embeddable":true,"href":"https:\/\/letempsjadisauction.com\/nl\/wp-json\/wp\/v2\/media\/9937"}],"wp:attachment":[{"href":"https:\/\/letempsjadisauction.com\/nl\/wp-json\/wp\/v2\/media?parent=10871"}],"wp:term":[{"taxonomy":"online_sale","embeddable":true,"href":"https:\/\/letempsjadisauction.com\/nl\/wp-json\/wp\/v2\/online_sale?post=10871"},{"taxonomy":"product_brand","embeddable":true,"href":"https:\/\/letempsjadisauction.com\/nl\/wp-json\/wp\/v2\/product_brand?post=10871"},{"taxonomy":"product_cat","embeddable":true,"href":"https:\/\/letempsjadisauction.com\/nl\/wp-json\/wp\/v2\/product_cat?post=10871"},{"taxonomy":"product_tag","embeddable":true,"href":"https:\/\/letempsjadisauction.com\/nl\/wp-json\/wp\/v2\/product_tag?post=10871"}],"curies":[{"name":"wp","href":"https:\/\/api.w.org\/{rel}","templated":true}]}}