{"id":10880,"date":"2025-11-14T20:59:52","date_gmt":"2025-11-14T20:59:52","guid":{"rendered":"https:\/\/letempsjadisauction.com\/?post_type=product&#038;p=10880"},"modified":"2025-11-14T20:59:52","modified_gmt":"2025-11-14T20:59:52","slug":"251-bebe-plastique","status":"publish","type":"product","link":"https:\/\/letempsjadisauction.com\/nl\/veiling\/251-bebe-plastique\/","title":{"rendered":"251. B\u00e9b\u00e9 plastique"},"content":{"rendered":"<p>251. Auteur : | Titre : b\u00e9b\u00e9 plastique | Mat\u00e9riaux : | Dimensions : 15 cm| Signature : | \u00c9tat :<\/p>","protected":false},"excerpt":{"rendered":"<p>b\u00e9b\u00e9 plastique<\/p>","protected":false},"featured_media":9955,"template":"","meta":{"_acf_changed":false,"inline_featured_image":false},"online_sale":[64],"product_brand":[],"product_cat":[18],"product_tag":[],"class_list":{"0":"post-10880","1":"product","2":"type-product","3":"status-publish","4":"has-post-thumbnail","6":"online_sale-novembre-2025","7":"product_cat-non-classe","9":"first","10":"instock","11":"shipping-taxable","12":"purchasable","13":"product-type-auction"},"acf":[],"_links":{"self":[{"href":"https:\/\/letempsjadisauction.com\/nl\/wp-json\/wp\/v2\/product\/10880","targetHints":{"allow":["GET"]}}],"collection":[{"href":"https:\/\/letempsjadisauction.com\/nl\/wp-json\/wp\/v2\/product"}],"about":[{"href":"https:\/\/letempsjadisauction.com\/nl\/wp-json\/wp\/v2\/types\/product"}],"wp:featuredmedia":[{"embeddable":true,"href":"https:\/\/letempsjadisauction.com\/nl\/wp-json\/wp\/v2\/media\/9955"}],"wp:attachment":[{"href":"https:\/\/letempsjadisauction.com\/nl\/wp-json\/wp\/v2\/media?parent=10880"}],"wp:term":[{"taxonomy":"online_sale","embeddable":true,"href":"https:\/\/letempsjadisauction.com\/nl\/wp-json\/wp\/v2\/online_sale?post=10880"},{"taxonomy":"product_brand","embeddable":true,"href":"https:\/\/letempsjadisauction.com\/nl\/wp-json\/wp\/v2\/product_brand?post=10880"},{"taxonomy":"product_cat","embeddable":true,"href":"https:\/\/letempsjadisauction.com\/nl\/wp-json\/wp\/v2\/product_cat?post=10880"},{"taxonomy":"product_tag","embeddable":true,"href":"https:\/\/letempsjadisauction.com\/nl\/wp-json\/wp\/v2\/product_tag?post=10880"}],"curies":[{"name":"wp","href":"https:\/\/api.w.org\/{rel}","templated":true}]}}