{"id":10960,"date":"2025-11-14T20:01:19","date_gmt":"2025-11-14T20:01:19","guid":{"rendered":"https:\/\/letempsjadisauction.com\/?post_type=product&#038;p=10960"},"modified":"2025-11-27T14:02:02","modified_gmt":"2025-11-27T14:02:02","slug":"331-brawa-wagon-en-boite-2152","status":"publish","type":"product","link":"https:\/\/letempsjadisauction.com\/nl\/veiling\/331-brawa-wagon-en-boite-2152\/","title":{"rendered":"331. Brawa \u2014 wagon en bo\u00eete 2152"},"content":{"rendered":"<p>331. Auteur : Brawa| Titre : wagon en boite 2152| Mat\u00e9riaux : | Dimensions : | Signature : | \u00c9tat :<\/p>","protected":false},"excerpt":{"rendered":"<p>Brawa \u2014 wagon en bo\u00eete 2152<\/p>","protected":false},"featured_media":10139,"template":"","meta":{"_acf_changed":false,"inline_featured_image":false},"online_sale":[64],"product_brand":[],"product_cat":[18],"product_tag":[],"class_list":{"0":"post-10960","1":"product","2":"type-product","3":"status-publish","4":"has-post-thumbnail","6":"online_sale-novembre-2025","7":"product_cat-non-classe","9":"first","10":"instock","11":"shipping-taxable","12":"purchasable","13":"product-type-auction"},"acf":[],"_links":{"self":[{"href":"https:\/\/letempsjadisauction.com\/nl\/wp-json\/wp\/v2\/product\/10960","targetHints":{"allow":["GET"]}}],"collection":[{"href":"https:\/\/letempsjadisauction.com\/nl\/wp-json\/wp\/v2\/product"}],"about":[{"href":"https:\/\/letempsjadisauction.com\/nl\/wp-json\/wp\/v2\/types\/product"}],"wp:featuredmedia":[{"embeddable":true,"href":"https:\/\/letempsjadisauction.com\/nl\/wp-json\/wp\/v2\/media\/10139"}],"wp:attachment":[{"href":"https:\/\/letempsjadisauction.com\/nl\/wp-json\/wp\/v2\/media?parent=10960"}],"wp:term":[{"taxonomy":"online_sale","embeddable":true,"href":"https:\/\/letempsjadisauction.com\/nl\/wp-json\/wp\/v2\/online_sale?post=10960"},{"taxonomy":"product_brand","embeddable":true,"href":"https:\/\/letempsjadisauction.com\/nl\/wp-json\/wp\/v2\/product_brand?post=10960"},{"taxonomy":"product_cat","embeddable":true,"href":"https:\/\/letempsjadisauction.com\/nl\/wp-json\/wp\/v2\/product_cat?post=10960"},{"taxonomy":"product_tag","embeddable":true,"href":"https:\/\/letempsjadisauction.com\/nl\/wp-json\/wp\/v2\/product_tag?post=10960"}],"curies":[{"name":"wp","href":"https:\/\/api.w.org\/{rel}","templated":true}]}}