{"id":11891,"date":"2026-01-22T21:56:58","date_gmt":"2026-01-22T21:56:58","guid":{"rendered":"https:\/\/letempsjadisauction.com\/?post_type=product&#038;p=11891"},"modified":"2026-01-22T21:56:58","modified_gmt":"2026-01-22T21:56:58","slug":"203-leblon-delienne-obelix","status":"publish","type":"product","link":"https:\/\/letempsjadisauction.com\/nl\/veiling\/203-leblon-delienne-obelix\/","title":{"rendered":"203. Leblon-Delienne Ob\u00e9lix"},"content":{"rendered":"<p>Leblon-Delienne Ob\u00e9lix num\u00e9ro 1815\/5000<\/p>","protected":false},"excerpt":{"rendered":"<p>Leblon-Delienne Ob\u00e9lix<\/p>","protected":false},"featured_media":11411,"template":"","meta":{"_acf_changed":false,"inline_featured_image":false},"online_sale":[68],"product_brand":[],"product_cat":[18],"product_tag":[],"class_list":{"0":"post-11891","1":"product","2":"type-product","3":"status-publish","4":"has-post-thumbnail","6":"online_sale-janvier-2026","7":"product_cat-non-classe","9":"first","10":"instock","11":"shipping-taxable","12":"purchasable","13":"product-type-auction"},"acf":[],"_links":{"self":[{"href":"https:\/\/letempsjadisauction.com\/nl\/wp-json\/wp\/v2\/product\/11891","targetHints":{"allow":["GET"]}}],"collection":[{"href":"https:\/\/letempsjadisauction.com\/nl\/wp-json\/wp\/v2\/product"}],"about":[{"href":"https:\/\/letempsjadisauction.com\/nl\/wp-json\/wp\/v2\/types\/product"}],"wp:featuredmedia":[{"embeddable":true,"href":"https:\/\/letempsjadisauction.com\/nl\/wp-json\/wp\/v2\/media\/11411"}],"wp:attachment":[{"href":"https:\/\/letempsjadisauction.com\/nl\/wp-json\/wp\/v2\/media?parent=11891"}],"wp:term":[{"taxonomy":"online_sale","embeddable":true,"href":"https:\/\/letempsjadisauction.com\/nl\/wp-json\/wp\/v2\/online_sale?post=11891"},{"taxonomy":"product_brand","embeddable":true,"href":"https:\/\/letempsjadisauction.com\/nl\/wp-json\/wp\/v2\/product_brand?post=11891"},{"taxonomy":"product_cat","embeddable":true,"href":"https:\/\/letempsjadisauction.com\/nl\/wp-json\/wp\/v2\/product_cat?post=11891"},{"taxonomy":"product_tag","embeddable":true,"href":"https:\/\/letempsjadisauction.com\/nl\/wp-json\/wp\/v2\/product_tag?post=11891"}],"curies":[{"name":"wp","href":"https:\/\/api.w.org\/{rel}","templated":true}]}}