{"id":11893,"date":"2026-01-22T21:56:59","date_gmt":"2026-01-22T21:56:59","guid":{"rendered":"https:\/\/letempsjadisauction.com\/?post_type=product&#038;p=11893"},"modified":"2026-01-22T21:57:00","modified_gmt":"2026-01-22T21:57:00","slug":"205-pixi-rapaces-drago-et-sa-soeur","status":"publish","type":"product","link":"https:\/\/letempsjadisauction.com\/nl\/veiling\/205-pixi-rapaces-drago-et-sa-soeur\/","title":{"rendered":"205. Pixi Rapaces Drago et sa s\u0153ur"},"content":{"rendered":"<p>Pixi Rapaces Drago et sa s\u0153ur num\u00e9ro 454\/750<\/p>","protected":false},"excerpt":{"rendered":"<p>Pixi Rapaces Drago et sa s\u0153ur<\/p>","protected":false},"featured_media":11420,"template":"","meta":{"_acf_changed":false,"inline_featured_image":false},"online_sale":[68],"product_brand":[],"product_cat":[18],"product_tag":[],"class_list":{"0":"post-11893","1":"product","2":"type-product","3":"status-publish","4":"has-post-thumbnail","6":"online_sale-janvier-2026","7":"product_cat-non-classe","9":"first","10":"instock","11":"shipping-taxable","12":"purchasable","13":"product-type-auction"},"acf":[],"_links":{"self":[{"href":"https:\/\/letempsjadisauction.com\/nl\/wp-json\/wp\/v2\/product\/11893","targetHints":{"allow":["GET"]}}],"collection":[{"href":"https:\/\/letempsjadisauction.com\/nl\/wp-json\/wp\/v2\/product"}],"about":[{"href":"https:\/\/letempsjadisauction.com\/nl\/wp-json\/wp\/v2\/types\/product"}],"wp:featuredmedia":[{"embeddable":true,"href":"https:\/\/letempsjadisauction.com\/nl\/wp-json\/wp\/v2\/media\/11420"}],"wp:attachment":[{"href":"https:\/\/letempsjadisauction.com\/nl\/wp-json\/wp\/v2\/media?parent=11893"}],"wp:term":[{"taxonomy":"online_sale","embeddable":true,"href":"https:\/\/letempsjadisauction.com\/nl\/wp-json\/wp\/v2\/online_sale?post=11893"},{"taxonomy":"product_brand","embeddable":true,"href":"https:\/\/letempsjadisauction.com\/nl\/wp-json\/wp\/v2\/product_brand?post=11893"},{"taxonomy":"product_cat","embeddable":true,"href":"https:\/\/letempsjadisauction.com\/nl\/wp-json\/wp\/v2\/product_cat?post=11893"},{"taxonomy":"product_tag","embeddable":true,"href":"https:\/\/letempsjadisauction.com\/nl\/wp-json\/wp\/v2\/product_tag?post=11893"}],"curies":[{"name":"wp","href":"https:\/\/api.w.org\/{rel}","templated":true}]}}