{"id":12005,"date":"2026-02-09T14:42:45","date_gmt":"2026-02-09T14:42:45","guid":{"rendered":"https:\/\/letempsjadisauction.com\/?post_type=product&#038;p=12005"},"modified":"2026-03-09T08:41:51","modified_gmt":"2026-03-09T08:41:51","slug":"1-petite-oenochoe-en-verre-vert-epoque-romaine","status":"publish","type":"product","link":"https:\/\/letempsjadisauction.com\/nl\/veiling\/1-petite-oenochoe-en-verre-vert-epoque-romaine\/","title":{"rendered":"1. Petite oenocho\u00e9 en verre vert, \u00e9poque romaine"},"content":{"rendered":"<p>Petite oenochoe de couleur verte, verre, \u00e9poque romaine 1-4e si\u00e8cle ap. J.-C., H. 9 cm<\/p>","protected":false},"excerpt":{"rendered":"<p>Petite oenocho\u00e9 en verre vert, \u00e9poque romaine<\/p>","protected":false},"featured_media":11988,"template":"","meta":{"_acf_changed":false,"inline_featured_image":false},"online_sale":[69],"product_brand":[],"product_cat":[18],"product_tag":[],"class_list":{"0":"post-12005","1":"product","2":"type-product","3":"status-publish","4":"has-post-thumbnail","6":"online_sale-fevrier-2026","7":"product_cat-non-classe","9":"first","10":"instock","11":"shipping-taxable","12":"purchasable","13":"product-type-auction"},"acf":[],"_links":{"self":[{"href":"https:\/\/letempsjadisauction.com\/nl\/wp-json\/wp\/v2\/product\/12005","targetHints":{"allow":["GET"]}}],"collection":[{"href":"https:\/\/letempsjadisauction.com\/nl\/wp-json\/wp\/v2\/product"}],"about":[{"href":"https:\/\/letempsjadisauction.com\/nl\/wp-json\/wp\/v2\/types\/product"}],"wp:featuredmedia":[{"embeddable":true,"href":"https:\/\/letempsjadisauction.com\/nl\/wp-json\/wp\/v2\/media\/11988"}],"wp:attachment":[{"href":"https:\/\/letempsjadisauction.com\/nl\/wp-json\/wp\/v2\/media?parent=12005"}],"wp:term":[{"taxonomy":"online_sale","embeddable":true,"href":"https:\/\/letempsjadisauction.com\/nl\/wp-json\/wp\/v2\/online_sale?post=12005"},{"taxonomy":"product_brand","embeddable":true,"href":"https:\/\/letempsjadisauction.com\/nl\/wp-json\/wp\/v2\/product_brand?post=12005"},{"taxonomy":"product_cat","embeddable":true,"href":"https:\/\/letempsjadisauction.com\/nl\/wp-json\/wp\/v2\/product_cat?post=12005"},{"taxonomy":"product_tag","embeddable":true,"href":"https:\/\/letempsjadisauction.com\/nl\/wp-json\/wp\/v2\/product_tag?post=12005"}],"curies":[{"name":"wp","href":"https:\/\/api.w.org\/{rel}","templated":true}]}}