{"id":12019,"date":"2026-02-09T14:42:49","date_gmt":"2026-02-09T14:42:49","guid":{"rendered":"https:\/\/letempsjadisauction.com\/?post_type=product&#038;p=12019"},"modified":"2026-02-09T14:43:40","modified_gmt":"2026-02-09T14:43:40","slug":"15-petit-vase-sawankhalok-thailande","status":"publish","type":"product","link":"https:\/\/letempsjadisauction.com\/nl\/veiling\/15-petit-vase-sawankhalok-thailande\/","title":{"rendered":"15. Petit vase Sawankhalok, Tha\u00eflande (?)"},"content":{"rendered":"<p>Petit vase Sawankhalok, Tha\u00eflande (?), 13-16eme si\u00e8cle, H. 5 cm<\/p>","protected":false},"excerpt":{"rendered":"<p>Petit vase Sawankhalok, Tha\u00eflande (?)<\/p>","protected":false},"featured_media":11966,"template":"","meta":{"_acf_changed":false,"inline_featured_image":false},"online_sale":[69],"product_brand":[],"product_cat":[18],"product_tag":[],"class_list":{"0":"post-12019","1":"product","2":"type-product","3":"status-publish","4":"has-post-thumbnail","6":"online_sale-fevrier-2026","7":"product_cat-non-classe","9":"first","10":"instock","11":"shipping-taxable","12":"purchasable","13":"product-type-auction"},"acf":[],"_links":{"self":[{"href":"https:\/\/letempsjadisauction.com\/nl\/wp-json\/wp\/v2\/product\/12019","targetHints":{"allow":["GET"]}}],"collection":[{"href":"https:\/\/letempsjadisauction.com\/nl\/wp-json\/wp\/v2\/product"}],"about":[{"href":"https:\/\/letempsjadisauction.com\/nl\/wp-json\/wp\/v2\/types\/product"}],"wp:featuredmedia":[{"embeddable":true,"href":"https:\/\/letempsjadisauction.com\/nl\/wp-json\/wp\/v2\/media\/11966"}],"wp:attachment":[{"href":"https:\/\/letempsjadisauction.com\/nl\/wp-json\/wp\/v2\/media?parent=12019"}],"wp:term":[{"taxonomy":"online_sale","embeddable":true,"href":"https:\/\/letempsjadisauction.com\/nl\/wp-json\/wp\/v2\/online_sale?post=12019"},{"taxonomy":"product_brand","embeddable":true,"href":"https:\/\/letempsjadisauction.com\/nl\/wp-json\/wp\/v2\/product_brand?post=12019"},{"taxonomy":"product_cat","embeddable":true,"href":"https:\/\/letempsjadisauction.com\/nl\/wp-json\/wp\/v2\/product_cat?post=12019"},{"taxonomy":"product_tag","embeddable":true,"href":"https:\/\/letempsjadisauction.com\/nl\/wp-json\/wp\/v2\/product_tag?post=12019"}],"curies":[{"name":"wp","href":"https:\/\/api.w.org\/{rel}","templated":true}]}}