{"id":12118,"date":"2026-02-09T19:32:52","date_gmt":"2026-02-09T19:32:52","guid":{"rendered":"https:\/\/letempsjadisauction.com\/?post_type=product&#038;p=12118"},"modified":"2026-02-22T09:07:37","modified_gmt":"2026-02-22T09:07:37","slug":"31-ancienne-icone-russe","status":"publish","type":"product","link":"https:\/\/letempsjadisauction.com\/nl\/veiling\/31-ancienne-icone-russe\/","title":{"rendered":"31. Ancienne ic\u00f4ne russe"},"content":{"rendered":"<p>Ancienne ic\u00f4ne russe, \u00e9tat\u00a0: manques. Dimensions\u00a0: 15 x 17,5 cm<\/p>","protected":false},"excerpt":{"rendered":"<p>Ancienne ic\u00f4ne russe<\/p>","protected":false},"featured_media":12082,"template":"","meta":{"_acf_changed":false,"inline_featured_image":false},"online_sale":[69],"product_brand":[],"product_cat":[18],"product_tag":[],"class_list":{"0":"post-12118","1":"product","2":"type-product","3":"status-publish","4":"has-post-thumbnail","6":"online_sale-fevrier-2026","7":"product_cat-non-classe","9":"first","10":"instock","11":"shipping-taxable","12":"purchasable","13":"product-type-auction"},"acf":[],"_links":{"self":[{"href":"https:\/\/letempsjadisauction.com\/nl\/wp-json\/wp\/v2\/product\/12118","targetHints":{"allow":["GET"]}}],"collection":[{"href":"https:\/\/letempsjadisauction.com\/nl\/wp-json\/wp\/v2\/product"}],"about":[{"href":"https:\/\/letempsjadisauction.com\/nl\/wp-json\/wp\/v2\/types\/product"}],"wp:featuredmedia":[{"embeddable":true,"href":"https:\/\/letempsjadisauction.com\/nl\/wp-json\/wp\/v2\/media\/12082"}],"wp:attachment":[{"href":"https:\/\/letempsjadisauction.com\/nl\/wp-json\/wp\/v2\/media?parent=12118"}],"wp:term":[{"taxonomy":"online_sale","embeddable":true,"href":"https:\/\/letempsjadisauction.com\/nl\/wp-json\/wp\/v2\/online_sale?post=12118"},{"taxonomy":"product_brand","embeddable":true,"href":"https:\/\/letempsjadisauction.com\/nl\/wp-json\/wp\/v2\/product_brand?post=12118"},{"taxonomy":"product_cat","embeddable":true,"href":"https:\/\/letempsjadisauction.com\/nl\/wp-json\/wp\/v2\/product_cat?post=12118"},{"taxonomy":"product_tag","embeddable":true,"href":"https:\/\/letempsjadisauction.com\/nl\/wp-json\/wp\/v2\/product_tag?post=12118"}],"curies":[{"name":"wp","href":"https:\/\/api.w.org\/{rel}","templated":true}]}}