{"id":12119,"date":"2026-02-09T19:32:52","date_gmt":"2026-02-09T19:32:52","guid":{"rendered":"https:\/\/letempsjadisauction.com\/?post_type=product&#038;p=12119"},"modified":"2026-02-09T19:32:52","modified_gmt":"2026-02-09T19:32:52","slug":"32-vierge-brodee-au-fil-dor-dans-un-cadre-de-style","status":"publish","type":"product","link":"https:\/\/letempsjadisauction.com\/nl\/veiling\/32-vierge-brodee-au-fil-dor-dans-un-cadre-de-style\/","title":{"rendered":"32. Vierge brod\u00e9e au fil d&rsquo;or dans un cadre de style"},"content":{"rendered":"<p>Vierge brod\u00e9e au fil d&rsquo;or dans un cadre de style, 18-19eme si\u00e8cle, H. <\/p>","protected":false},"excerpt":{"rendered":"<p>Vierge brod\u00e9e au fil d&rsquo;or dans un cadre de style<\/p>","protected":false},"featured_media":12084,"template":"","meta":{"_acf_changed":false,"inline_featured_image":false},"online_sale":[69],"product_brand":[],"product_cat":[18],"product_tag":[],"class_list":{"0":"post-12119","1":"product","2":"type-product","3":"status-publish","4":"has-post-thumbnail","6":"online_sale-fevrier-2026","7":"product_cat-non-classe","9":"first","10":"instock","11":"shipping-taxable","12":"purchasable","13":"product-type-auction"},"acf":[],"_links":{"self":[{"href":"https:\/\/letempsjadisauction.com\/nl\/wp-json\/wp\/v2\/product\/12119","targetHints":{"allow":["GET"]}}],"collection":[{"href":"https:\/\/letempsjadisauction.com\/nl\/wp-json\/wp\/v2\/product"}],"about":[{"href":"https:\/\/letempsjadisauction.com\/nl\/wp-json\/wp\/v2\/types\/product"}],"wp:featuredmedia":[{"embeddable":true,"href":"https:\/\/letempsjadisauction.com\/nl\/wp-json\/wp\/v2\/media\/12084"}],"wp:attachment":[{"href":"https:\/\/letempsjadisauction.com\/nl\/wp-json\/wp\/v2\/media?parent=12119"}],"wp:term":[{"taxonomy":"online_sale","embeddable":true,"href":"https:\/\/letempsjadisauction.com\/nl\/wp-json\/wp\/v2\/online_sale?post=12119"},{"taxonomy":"product_brand","embeddable":true,"href":"https:\/\/letempsjadisauction.com\/nl\/wp-json\/wp\/v2\/product_brand?post=12119"},{"taxonomy":"product_cat","embeddable":true,"href":"https:\/\/letempsjadisauction.com\/nl\/wp-json\/wp\/v2\/product_cat?post=12119"},{"taxonomy":"product_tag","embeddable":true,"href":"https:\/\/letempsjadisauction.com\/nl\/wp-json\/wp\/v2\/product_tag?post=12119"}],"curies":[{"name":"wp","href":"https:\/\/api.w.org\/{rel}","templated":true}]}}