{"id":12125,"date":"2026-02-09T19:32:55","date_gmt":"2026-02-09T19:32:55","guid":{"rendered":"https:\/\/letempsjadisauction.com\/?post_type=product&#038;p=12125"},"modified":"2026-02-22T12:14:01","modified_gmt":"2026-02-22T12:14:01","slug":"38-a-identifier-mendiant-huile-sur-panneau","status":"publish","type":"product","link":"https:\/\/letempsjadisauction.com\/nl\/veiling\/38-a-identifier-mendiant-huile-sur-panneau\/","title":{"rendered":"38. A identifier, mendiant, huile sur panneau"},"content":{"rendered":"<p>A identifier, mendiant, huile sur panneau, sign\u00e9 dans le coin inf\u00e9rieur droit, et dat\u00e9 1850. Tableau dans un cadre \u00e0 canaux 19e en bon \u00e9tat, dimensions : 20 x 25 cm, 42 x 48 cm avec cadre<\/p>","protected":false},"excerpt":{"rendered":"<p>A identifier, mendiant, huile sur panneau<\/p>","protected":false},"featured_media":12102,"template":"","meta":{"_acf_changed":false,"inline_featured_image":false},"online_sale":[69],"product_brand":[],"product_cat":[18],"product_tag":[],"class_list":{"0":"post-12125","1":"product","2":"type-product","3":"status-publish","4":"has-post-thumbnail","6":"online_sale-fevrier-2026","7":"product_cat-non-classe","9":"first","10":"instock","11":"shipping-taxable","12":"purchasable","13":"product-type-auction"},"acf":[],"_links":{"self":[{"href":"https:\/\/letempsjadisauction.com\/nl\/wp-json\/wp\/v2\/product\/12125","targetHints":{"allow":["GET"]}}],"collection":[{"href":"https:\/\/letempsjadisauction.com\/nl\/wp-json\/wp\/v2\/product"}],"about":[{"href":"https:\/\/letempsjadisauction.com\/nl\/wp-json\/wp\/v2\/types\/product"}],"wp:featuredmedia":[{"embeddable":true,"href":"https:\/\/letempsjadisauction.com\/nl\/wp-json\/wp\/v2\/media\/12102"}],"wp:attachment":[{"href":"https:\/\/letempsjadisauction.com\/nl\/wp-json\/wp\/v2\/media?parent=12125"}],"wp:term":[{"taxonomy":"online_sale","embeddable":true,"href":"https:\/\/letempsjadisauction.com\/nl\/wp-json\/wp\/v2\/online_sale?post=12125"},{"taxonomy":"product_brand","embeddable":true,"href":"https:\/\/letempsjadisauction.com\/nl\/wp-json\/wp\/v2\/product_brand?post=12125"},{"taxonomy":"product_cat","embeddable":true,"href":"https:\/\/letempsjadisauction.com\/nl\/wp-json\/wp\/v2\/product_cat?post=12125"},{"taxonomy":"product_tag","embeddable":true,"href":"https:\/\/letempsjadisauction.com\/nl\/wp-json\/wp\/v2\/product_tag?post=12125"}],"curies":[{"name":"wp","href":"https:\/\/api.w.org\/{rel}","templated":true}]}}